{"id":353,"date":"2020-05-28T09:54:38","date_gmt":"2020-05-28T09:54:38","guid":{"rendered":"http:\/\/villa-vosje.de\/?page_id=353"},"modified":"2022-03-30T10:38:33","modified_gmt":"2022-03-30T08:38:33","slug":"faq","status":"publish","type":"page","link":"https:\/\/villa-vosje.eu\/nl\/faq\/","title":{"rendered":"FAQ"},"content":{"rendered":"\t\t<div data-elementor-type=\"wp-page\" data-elementor-id=\"353\" class=\"elementor elementor-353\">\n\t\t\t\t\t\t<section class=\"elementor-section elementor-top-section elementor-element elementor-element-a34bc45 elementor-section-boxed elementor-section-height-default elementor-section-height-default\" data-id=\"a34bc45\" data-element_type=\"section\">\n\t\t\t\t\t\t<div class=\"elementor-container elementor-column-gap-default\">\n\t\t\t\t\t<div class=\"elementor-column elementor-col-100 elementor-top-column elementor-element elementor-element-ae78111\" data-id=\"ae78111\" data-element_type=\"column\">\n\t\t\t<div class=\"elementor-widget-wrap elementor-element-populated\">\n\t\t\t\t\t\t<div class=\"elementor-element elementor-element-6b88f5f elementor-widget elementor-widget-spacer\" data-id=\"6b88f5f\" data-element_type=\"widget\" data-widget_type=\"spacer.default\">\n\t\t\t\t<div class=\"elementor-widget-container\">\n\t\t\t\t\t<div class=\"elementor-spacer\">\n\t\t\t<div class=\"elementor-spacer-inner\"><\/div>\n\t\t<\/div>\n\t\t\t\t<\/div>\n\t\t\t\t<\/div>\n\t\t\t\t\t<\/div>\n\t\t<\/div>\n\t\t\t\t\t<\/div>\n\t\t<\/section>\n\t\t\t\t<section class=\"elementor-section elementor-inner-section elementor-element elementor-element-54954db7 elementor-reverse-mobile elementor-section-boxed elementor-section-height-default elementor-section-height-default\" data-id=\"54954db7\" data-element_type=\"section\">\n\t\t\t\t\t\t<div class=\"elementor-container elementor-column-gap-default\">\n\t\t\t\t\t<div class=\"elementor-column elementor-col-50 elementor-inner-column elementor-element elementor-element-58e09da0\" data-id=\"58e09da0\" data-element_type=\"column\" data-settings=\"{&quot;background_background&quot;:&quot;classic&quot;}\">\n\t\t\t<div class=\"elementor-widget-wrap elementor-element-populated\">\n\t\t\t\t\t\t<div class=\"elementor-element elementor-element-1d4b2e8d elementor-widget elementor-widget-heading\" data-id=\"1d4b2e8d\" data-element_type=\"widget\" data-widget_type=\"heading.default\">\n\t\t\t\t<div class=\"elementor-widget-container\">\n\t\t\t<h1 class=\"elementor-heading-title elementor-size-default\">FAQ<\/h1>\t\t<\/div>\n\t\t\t\t<\/div>\n\t\t\t\t<div class=\"elementor-element elementor-element-2e87bef9 elementor-widget elementor-widget-spacer\" data-id=\"2e87bef9\" data-element_type=\"widget\" data-widget_type=\"spacer.default\">\n\t\t\t\t<div class=\"elementor-widget-container\">\n\t\t\t\t\t<div class=\"elementor-spacer\">\n\t\t\t<div class=\"elementor-spacer-inner\"><\/div>\n\t\t<\/div>\n\t\t\t\t<\/div>\n\t\t\t\t<\/div>\n\t\t\t\t<div class=\"elementor-element elementor-element-735d7ab elementor-widget elementor-widget-toggle\" data-id=\"735d7ab\" data-element_type=\"widget\" data-widget_type=\"toggle.default\">\n\t\t\t\t<div class=\"elementor-widget-container\">\n\t\t\t\t\t<div class=\"elementor-toggle\">\n\t\t\t\t\t\t\t<div class=\"elementor-toggle-item\">\n\t\t\t\t\t<div id=\"elementor-tab-title-1201\" class=\"elementor-tab-title\" data-tab=\"1\" role=\"button\" aria-controls=\"elementor-tab-content-1201\" aria-expanded=\"false\">\n\t\t\t\t\t\t\t\t\t\t\t\t<span class=\"elementor-toggle-icon elementor-toggle-icon-left\" aria-hidden=\"true\">\n\t\t\t\t\t\t\t\t\t\t\t\t\t\t\t<span class=\"elementor-toggle-icon-closed\"><i class=\"fas fa-caret-right\"><\/i><\/span>\n\t\t\t\t\t\t\t\t<span class=\"elementor-toggle-icon-opened\"><i class=\"elementor-toggle-icon-opened fas fa-caret-down\"><\/i><\/span>\n\t\t\t\t\t\t\t\t\t\t\t\t\t<\/span>\n\t\t\t\t\t\t\t\t\t\t\t\t<a class=\"elementor-toggle-title\" tabindex=\"0\"> De Haan en Corona<\/a>\n\t\t\t\t\t<\/div>\n\n\t\t\t\t\t<div id=\"elementor-tab-content-1201\" class=\"elementor-tab-content elementor-clearfix\" data-tab=\"1\" role=\"region\" aria-labelledby=\"elementor-tab-title-1201\"><p>Er kunnen speciale regels zijn, u vindt ze <span style=\"text-decoration: underline;\"><a href=\"https:\/\/villa-vosje.eu\/nl\/covid-19\/\">hier<\/a><\/span><\/p><p>Status 30.03.2022<\/p><\/div>\n\t\t\t\t<\/div>\n\t\t\t\t\t\t\t<div class=\"elementor-toggle-item\">\n\t\t\t\t\t<div id=\"elementor-tab-title-1202\" class=\"elementor-tab-title\" data-tab=\"2\" role=\"button\" aria-controls=\"elementor-tab-content-1202\" aria-expanded=\"false\">\n\t\t\t\t\t\t\t\t\t\t\t\t<span class=\"elementor-toggle-icon elementor-toggle-icon-left\" aria-hidden=\"true\">\n\t\t\t\t\t\t\t\t\t\t\t\t\t\t\t<span class=\"elementor-toggle-icon-closed\"><i class=\"fas fa-caret-right\"><\/i><\/span>\n\t\t\t\t\t\t\t\t<span class=\"elementor-toggle-icon-opened\"><i class=\"elementor-toggle-icon-opened fas fa-caret-down\"><\/i><\/span>\n\t\t\t\t\t\t\t\t\t\t\t\t\t<\/span>\n\t\t\t\t\t\t\t\t\t\t\t\t<a class=\"elementor-toggle-title\" tabindex=\"0\">Hoe laat is het inchecken?<\/a>\n\t\t\t\t\t<\/div>\n\n\t\t\t\t\t<div id=\"elementor-tab-content-1202\" class=\"elementor-tab-content elementor-clearfix\" data-tab=\"2\" role=\"region\" aria-labelledby=\"elementor-tab-title-1202\"><p>Vanaf 15:00 uur of na afspraak is de villa klaar voor bewoning.<\/p><\/div>\n\t\t\t\t<\/div>\n\t\t\t\t\t\t\t<div class=\"elementor-toggle-item\">\n\t\t\t\t\t<div id=\"elementor-tab-title-1203\" class=\"elementor-tab-title\" data-tab=\"3\" role=\"button\" aria-controls=\"elementor-tab-content-1203\" aria-expanded=\"false\">\n\t\t\t\t\t\t\t\t\t\t\t\t<span class=\"elementor-toggle-icon elementor-toggle-icon-left\" aria-hidden=\"true\">\n\t\t\t\t\t\t\t\t\t\t\t\t\t\t\t<span class=\"elementor-toggle-icon-closed\"><i class=\"fas fa-caret-right\"><\/i><\/span>\n\t\t\t\t\t\t\t\t<span class=\"elementor-toggle-icon-opened\"><i class=\"elementor-toggle-icon-opened fas fa-caret-down\"><\/i><\/span>\n\t\t\t\t\t\t\t\t\t\t\t\t\t<\/span>\n\t\t\t\t\t\t\t\t\t\t\t\t<a class=\"elementor-toggle-title\" tabindex=\"0\">Hoe laat is het uitchecken?<\/a>\n\t\t\t\t\t<\/div>\n\n\t\t\t\t\t<div id=\"elementor-tab-content-1203\" class=\"elementor-tab-content elementor-clearfix\" data-tab=\"3\" role=\"region\" aria-labelledby=\"elementor-tab-title-1203\"><p>Villa Vosje moet om 10 uur verlaten zijn.<\/p><\/div>\n\t\t\t\t<\/div>\n\t\t\t\t\t\t\t<div class=\"elementor-toggle-item\">\n\t\t\t\t\t<div id=\"elementor-tab-title-1204\" class=\"elementor-tab-title\" data-tab=\"4\" role=\"button\" aria-controls=\"elementor-tab-content-1204\" aria-expanded=\"false\">\n\t\t\t\t\t\t\t\t\t\t\t\t<span class=\"elementor-toggle-icon elementor-toggle-icon-left\" aria-hidden=\"true\">\n\t\t\t\t\t\t\t\t\t\t\t\t\t\t\t<span class=\"elementor-toggle-icon-closed\"><i class=\"fas fa-caret-right\"><\/i><\/span>\n\t\t\t\t\t\t\t\t<span class=\"elementor-toggle-icon-opened\"><i class=\"elementor-toggle-icon-opened fas fa-caret-down\"><\/i><\/span>\n\t\t\t\t\t\t\t\t\t\t\t\t\t<\/span>\n\t\t\t\t\t\t\t\t\t\t\t\t<a class=\"elementor-toggle-title\" tabindex=\"0\">Zijn huisdieren toegestaan?<\/a>\n\t\t\t\t\t<\/div>\n\n\t\t\t\t\t<div id=\"elementor-tab-content-1204\" class=\"elementor-tab-content elementor-clearfix\" data-tab=\"4\" role=\"region\" aria-labelledby=\"elementor-tab-title-1204\"><p>Huisdieren zijn niet toegestaan in Villa Vosje.<\/p><\/div>\n\t\t\t\t<\/div>\n\t\t\t\t\t\t\t\t<\/div>\n\t\t\t\t<\/div>\n\t\t\t\t<\/div>\n\t\t\t\t\t<\/div>\n\t\t<\/div>\n\t\t\t\t<div class=\"elementor-column elementor-col-50 elementor-inner-column elementor-element elementor-element-6c916aed\" data-id=\"6c916aed\" data-element_type=\"column\" data-settings=\"{&quot;background_background&quot;:&quot;classic&quot;}\">\n\t\t\t<div class=\"elementor-widget-wrap elementor-element-populated\">\n\t\t\t\t\t\t<div class=\"elementor-element elementor-element-73caa427 elementor-widget elementor-widget-image\" data-id=\"73caa427\" data-element_type=\"widget\" data-widget_type=\"image.default\">\n\t\t\t\t<div class=\"elementor-widget-container\">\n\t\t\t\t\t\t\t\t\t\t\t\t\t<img decoding=\"async\" src=\"https:\/\/i0.wp.com\/villa-vosje.eu\/nl\/wp-content\/uploads\/sites\/2\/2020\/06\/krabbenschere.jpg?fit=600%2C600&#038;ssl=1\" title=\"krabklauw\" alt=\"Schelpen en krabbenklauwen in het zand op het strand\" loading=\"lazy\" \/>\t\t\t\t\t\t\t\t\t\t\t\t\t<\/div>\n\t\t\t\t<\/div>\n\t\t\t\t\t<\/div>\n\t\t<\/div>\n\t\t\t\t\t<\/div>\n\t\t<\/section>\n\t\t\t\t<section class=\"elementor-section elementor-top-section elementor-element elementor-element-7c5edf23 elementor-section-boxed elementor-section-height-default elementor-section-height-default\" data-id=\"7c5edf23\" data-element_type=\"section\">\n\t\t\t\t\t\t<div class=\"elementor-container elementor-column-gap-default\">\n\t\t\t\t\t<div class=\"elementor-column elementor-col-100 elementor-top-column elementor-element elementor-element-3dbe3bef\" data-id=\"3dbe3bef\" data-element_type=\"column\">\n\t\t\t<div class=\"elementor-widget-wrap elementor-element-populated\">\n\t\t\t\t\t\t<div class=\"elementor-element elementor-element-73d7f76c elementor-widget elementor-widget-spacer\" data-id=\"73d7f76c\" data-element_type=\"widget\" data-widget_type=\"spacer.default\">\n\t\t\t\t<div class=\"elementor-widget-container\">\n\t\t\t\t\t<div class=\"elementor-spacer\">\n\t\t\t<div class=\"elementor-spacer-inner\"><\/div>\n\t\t<\/div>\n\t\t\t\t<\/div>\n\t\t\t\t<\/div>\n\t\t\t\t<div class=\"elementor-element elementor-element-6c826bcc elementor-widget elementor-widget-text-editor\" data-id=\"6c826bcc\" data-element_type=\"widget\" data-widget_type=\"text-editor.default\">\n\t\t\t\t<div class=\"elementor-widget-container\">\n\t\t\t\t\t\t\t<p><a href=\"https:\/\/villa-vosje.eu\/nl\/\"><span style=\"text-decoration: underline;\">Terug naar de startpagina<\/span><\/a><\/p>\t\t\t\t\t\t<\/div>\n\t\t\t\t<\/div>\n\t\t\t\t\t<\/div>\n\t\t<\/div>\n\t\t\t\t\t<\/div>\n\t\t<\/section>\n\t\t\t\t<\/div>\n\t\t","protected":false},"excerpt":{"rendered":"<p>FAQ De Haan en Corona Er kunnen speciale regels zijn, u vindt ze hier Status 30.03.2022 Hoe laat is het inchecken? Vanaf 15:00 uur of na afspraak is de villa klaar voor bewoning. Hoe laat is het uitchecken? Villa Vosje moet om 10 uur verlaten zijn. Zijn huisdieren toegestaan? Huisdieren zijn niet toegestaan in Villa&hellip;&nbsp;<a href=\"https:\/\/villa-vosje.eu\/nl\/faq\/\" rel=\"bookmark\">Weiterlesen &raquo;<span class=\"screen-reader-text\">FAQ<\/span><\/a><\/p>\n","protected":false},"author":1,"featured_media":0,"parent":0,"menu_order":0,"comment_status":"closed","ping_status":"closed","template":"","meta":{"neve_meta_sidebar":"full-width","neve_meta_container":"","neve_meta_enable_content_width":"on","neve_meta_content_width":100,"neve_meta_title_alignment":"","neve_meta_author_avatar":"","neve_post_elements_order":"","neve_meta_disable_header":"","neve_meta_disable_footer":"","neve_meta_disable_title":"on"},"yoast_head":"<!-- This site is optimized with the Yoast SEO plugin v21.8.1 - https:\/\/yoast.com\/wordpress\/plugins\/seo\/ -->\n<title>Ihr Urlaub in der Villa Vosje.nl - H\u00e4ufige Fragen<\/title>\n<meta name=\"description\" content=\"Buchen Sie jetzt Ihren Traumurlaub an der belgischen Nordseek\u00fcste! Unsere Villa in De Haan garantiert Wohlf\u00fchlen und Entspannung!\" \/>\n<meta name=\"robots\" content=\"index, follow, max-snippet:-1, max-image-preview:large, max-video-preview:-1\" \/>\n<link rel=\"canonical\" href=\"https:\/\/villa-vosje.eu\/nl\/faq\/\" \/>\n<meta property=\"og:locale\" content=\"de_DE\" \/>\n<meta property=\"og:type\" content=\"article\" \/>\n<meta property=\"og:title\" content=\"Ihr Urlaub in der Villa Vosje.nl - H\u00e4ufige Fragen\" \/>\n<meta property=\"og:description\" content=\"Buchen Sie jetzt Ihren Traumurlaub an der belgischen Nordseek\u00fcste! Unsere Villa in De Haan garantiert Wohlf\u00fchlen und Entspannung!\" \/>\n<meta property=\"og:url\" content=\"https:\/\/villa-vosje.eu\/nl\/faq\/\" \/>\n<meta property=\"og:site_name\" content=\"Villa Vosje.nl\" \/>\n<meta property=\"article:modified_time\" content=\"2022-03-30T08:38:33+00:00\" \/>\n<meta property=\"og:image\" content=\"https:\/\/villa-vosje.eu\/nl\/wp-content\/uploads\/sites\/2\/elementor\/thumbs\/krabbenschere-p3q50dhcfcm9ha0855nri6fn89dyyh2v81jbo7fnu8.jpg\" \/>\n<meta name=\"twitter:card\" content=\"summary_large_image\" \/>\n<meta name=\"twitter:label1\" content=\"Gesch\u00e4tzte Lesezeit\" \/>\n\t<meta name=\"twitter:data1\" content=\"1\u00a0Minute\" \/>\n<script type=\"application\/ld+json\" class=\"yoast-schema-graph\">{\"@context\":\"https:\/\/schema.org\",\"@graph\":[{\"@type\":\"WebPage\",\"@id\":\"https:\/\/villa-vosje.eu\/nl\/faq\/\",\"url\":\"https:\/\/villa-vosje.eu\/nl\/faq\/\",\"name\":\"Ihr Urlaub in der Villa Vosje.nl - H\u00e4ufige Fragen\",\"isPartOf\":{\"@id\":\"https:\/\/villa-vosje.eu\/nl\/#website\"},\"datePublished\":\"2020-05-28T09:54:38+00:00\",\"dateModified\":\"2022-03-30T08:38:33+00:00\",\"description\":\"Buchen Sie jetzt Ihren Traumurlaub an der belgischen Nordseek\u00fcste! Unsere Villa in De Haan garantiert Wohlf\u00fchlen und Entspannung!\",\"breadcrumb\":{\"@id\":\"https:\/\/villa-vosje.eu\/nl\/faq\/#breadcrumb\"},\"inLanguage\":\"de\",\"potentialAction\":[{\"@type\":\"ReadAction\",\"target\":[\"https:\/\/villa-vosje.eu\/nl\/faq\/\"]}]},{\"@type\":\"BreadcrumbList\",\"@id\":\"https:\/\/villa-vosje.eu\/nl\/faq\/#breadcrumb\",\"itemListElement\":[{\"@type\":\"ListItem\",\"position\":1,\"name\":\"Startseite\",\"item\":\"https:\/\/villa-vosje.eu\/nl\/\"},{\"@type\":\"ListItem\",\"position\":2,\"name\":\"FAQ\"}]},{\"@type\":\"WebSite\",\"@id\":\"https:\/\/villa-vosje.eu\/nl\/#website\",\"url\":\"https:\/\/villa-vosje.eu\/nl\/\",\"name\":\"Villa Vosje.nl\",\"description\":\"Vakantie aan de Belgische Noordzeekust\",\"publisher\":{\"@id\":\"https:\/\/villa-vosje.eu\/nl\/#organization\"},\"potentialAction\":[{\"@type\":\"SearchAction\",\"target\":{\"@type\":\"EntryPoint\",\"urlTemplate\":\"https:\/\/villa-vosje.eu\/nl\/?s={search_term_string}\"},\"query-input\":\"required name=search_term_string\"}],\"inLanguage\":\"de\"},{\"@type\":\"Organization\",\"@id\":\"https:\/\/villa-vosje.eu\/nl\/#organization\",\"name\":\"Villa Vosje.nl\",\"url\":\"https:\/\/villa-vosje.eu\/nl\/\",\"logo\":{\"@type\":\"ImageObject\",\"inLanguage\":\"de\",\"@id\":\"https:\/\/villa-vosje.eu\/nl\/#\/schema\/logo\/image\/\",\"url\":\"https:\/\/i0.wp.com\/villa-vosje.eu\/nl\/wp-content\/uploads\/sites\/2\/2020\/06\/vosicon.png?fit=512%2C512&ssl=1\",\"contentUrl\":\"https:\/\/i0.wp.com\/villa-vosje.eu\/nl\/wp-content\/uploads\/sites\/2\/2020\/06\/vosicon.png?fit=512%2C512&ssl=1\",\"width\":512,\"height\":512,\"caption\":\"Villa Vosje.nl\"},\"image\":{\"@id\":\"https:\/\/villa-vosje.eu\/nl\/#\/schema\/logo\/image\/\"}}]}<\/script>\n<!-- \/ Yoast SEO plugin. -->","yoast_head_json":{"title":"Ihr Urlaub in der Villa Vosje.nl - H\u00e4ufige Fragen","description":"Buchen Sie jetzt Ihren Traumurlaub an der belgischen Nordseek\u00fcste! Unsere Villa in De Haan garantiert Wohlf\u00fchlen und Entspannung!","robots":{"index":"index","follow":"follow","max-snippet":"max-snippet:-1","max-image-preview":"max-image-preview:large","max-video-preview":"max-video-preview:-1"},"canonical":"https:\/\/villa-vosje.eu\/nl\/faq\/","og_locale":"de_DE","og_type":"article","og_title":"Ihr Urlaub in der Villa Vosje.nl - H\u00e4ufige Fragen","og_description":"Buchen Sie jetzt Ihren Traumurlaub an der belgischen Nordseek\u00fcste! Unsere Villa in De Haan garantiert Wohlf\u00fchlen und Entspannung!","og_url":"https:\/\/villa-vosje.eu\/nl\/faq\/","og_site_name":"Villa Vosje.nl","article_modified_time":"2022-03-30T08:38:33+00:00","og_image":[{"url":"https:\/\/villa-vosje.eu\/nl\/wp-content\/uploads\/sites\/2\/elementor\/thumbs\/krabbenschere-p3q50dhcfcm9ha0855nri6fn89dyyh2v81jbo7fnu8.jpg"}],"twitter_card":"summary_large_image","twitter_misc":{"Gesch\u00e4tzte Lesezeit":"1\u00a0Minute"},"schema":{"@context":"https:\/\/schema.org","@graph":[{"@type":"WebPage","@id":"https:\/\/villa-vosje.eu\/nl\/faq\/","url":"https:\/\/villa-vosje.eu\/nl\/faq\/","name":"Ihr Urlaub in der Villa Vosje.nl - H\u00e4ufige Fragen","isPartOf":{"@id":"https:\/\/villa-vosje.eu\/nl\/#website"},"datePublished":"2020-05-28T09:54:38+00:00","dateModified":"2022-03-30T08:38:33+00:00","description":"Buchen Sie jetzt Ihren Traumurlaub an der belgischen Nordseek\u00fcste! Unsere Villa in De Haan garantiert Wohlf\u00fchlen und Entspannung!","breadcrumb":{"@id":"https:\/\/villa-vosje.eu\/nl\/faq\/#breadcrumb"},"inLanguage":"de","potentialAction":[{"@type":"ReadAction","target":["https:\/\/villa-vosje.eu\/nl\/faq\/"]}]},{"@type":"BreadcrumbList","@id":"https:\/\/villa-vosje.eu\/nl\/faq\/#breadcrumb","itemListElement":[{"@type":"ListItem","position":1,"name":"Startseite","item":"https:\/\/villa-vosje.eu\/nl\/"},{"@type":"ListItem","position":2,"name":"FAQ"}]},{"@type":"WebSite","@id":"https:\/\/villa-vosje.eu\/nl\/#website","url":"https:\/\/villa-vosje.eu\/nl\/","name":"Villa Vosje.nl","description":"Vakantie aan de Belgische Noordzeekust","publisher":{"@id":"https:\/\/villa-vosje.eu\/nl\/#organization"},"potentialAction":[{"@type":"SearchAction","target":{"@type":"EntryPoint","urlTemplate":"https:\/\/villa-vosje.eu\/nl\/?s={search_term_string}"},"query-input":"required name=search_term_string"}],"inLanguage":"de"},{"@type":"Organization","@id":"https:\/\/villa-vosje.eu\/nl\/#organization","name":"Villa Vosje.nl","url":"https:\/\/villa-vosje.eu\/nl\/","logo":{"@type":"ImageObject","inLanguage":"de","@id":"https:\/\/villa-vosje.eu\/nl\/#\/schema\/logo\/image\/","url":"https:\/\/i0.wp.com\/villa-vosje.eu\/nl\/wp-content\/uploads\/sites\/2\/2020\/06\/vosicon.png?fit=512%2C512&ssl=1","contentUrl":"https:\/\/i0.wp.com\/villa-vosje.eu\/nl\/wp-content\/uploads\/sites\/2\/2020\/06\/vosicon.png?fit=512%2C512&ssl=1","width":512,"height":512,"caption":"Villa Vosje.nl"},"image":{"@id":"https:\/\/villa-vosje.eu\/nl\/#\/schema\/logo\/image\/"}}]}},"_links":{"self":[{"href":"https:\/\/villa-vosje.eu\/nl\/wp-json\/wp\/v2\/pages\/353"}],"collection":[{"href":"https:\/\/villa-vosje.eu\/nl\/wp-json\/wp\/v2\/pages"}],"about":[{"href":"https:\/\/villa-vosje.eu\/nl\/wp-json\/wp\/v2\/types\/page"}],"author":[{"embeddable":true,"href":"https:\/\/villa-vosje.eu\/nl\/wp-json\/wp\/v2\/users\/1"}],"replies":[{"embeddable":true,"href":"https:\/\/villa-vosje.eu\/nl\/wp-json\/wp\/v2\/comments?post=353"}],"version-history":[{"count":15,"href":"https:\/\/villa-vosje.eu\/nl\/wp-json\/wp\/v2\/pages\/353\/revisions"}],"predecessor-version":[{"id":2534,"href":"https:\/\/villa-vosje.eu\/nl\/wp-json\/wp\/v2\/pages\/353\/revisions\/2534"}],"wp:attachment":[{"href":"https:\/\/villa-vosje.eu\/nl\/wp-json\/wp\/v2\/media?parent=353"}],"curies":[{"name":"wp","href":"https:\/\/api.w.org\/{rel}","templated":true}]}}