{"id":800,"date":"2020-06-05T09:41:14","date_gmt":"2020-06-05T09:41:14","guid":{"rendered":"http:\/\/villa-vosje.de\/?page_id=800"},"modified":"2021-03-18T12:52:06","modified_gmt":"2021-03-18T11:52:06","slug":"reglement-interieur","status":"publish","type":"page","link":"https:\/\/villa-vosje.eu\/fr\/reglement-interieur\/","title":{"rendered":"R\u00e8glement int\u00e9rieur"},"content":{"rendered":"\t\t<div data-elementor-type=\"wp-page\" data-elementor-id=\"800\" class=\"elementor elementor-800\">\n\t\t\t\t\t\t<section class=\"elementor-section elementor-inner-section elementor-element elementor-element-3f2fe039 elementor-reverse-mobile elementor-section-boxed elementor-section-height-default elementor-section-height-default\" data-id=\"3f2fe039\" data-element_type=\"section\">\n\t\t\t\t\t\t<div class=\"elementor-container elementor-column-gap-default\">\n\t\t\t\t\t<div class=\"elementor-column elementor-col-50 elementor-inner-column elementor-element elementor-element-28b8b6e4\" data-id=\"28b8b6e4\" data-element_type=\"column\" data-settings=\"{&quot;background_background&quot;:&quot;classic&quot;}\">\n\t\t\t<div class=\"elementor-widget-wrap elementor-element-populated\">\n\t\t\t\t\t\t<div class=\"elementor-element elementor-element-64a8ed2 elementor-widget elementor-widget-heading\" data-id=\"64a8ed2\" data-element_type=\"widget\" data-widget_type=\"heading.default\">\n\t\t\t\t<div class=\"elementor-widget-container\">\n\t\t\t<h1 class=\"elementor-heading-title elementor-size-default\">Nos r\u00e8gles internes<\/h1>\t\t<\/div>\n\t\t\t\t<\/div>\n\t\t\t\t<div class=\"elementor-element elementor-element-3fc452cb elementor-widget elementor-widget-spacer\" data-id=\"3fc452cb\" data-element_type=\"widget\" data-widget_type=\"spacer.default\">\n\t\t\t\t<div class=\"elementor-widget-container\">\n\t\t\t\t\t<div class=\"elementor-spacer\">\n\t\t\t<div class=\"elementor-spacer-inner\"><\/div>\n\t\t<\/div>\n\t\t\t\t<\/div>\n\t\t\t\t<\/div>\n\t\t\t\t<div class=\"elementor-element elementor-element-b5c98c5 elementor-widget elementor-widget-text-editor\" data-id=\"b5c98c5\" data-element_type=\"widget\" data-widget_type=\"text-editor.default\">\n\t\t\t\t<div class=\"elementor-widget-container\">\n\t\t\t\t\t\t\t<p><b>Villa Vosje<\/b><br \/>Vosseslag<br \/>De Haan, Belgien<\/p><p><b>Contact:<\/b><br \/>E-Mail: info@villa-vosje.de<br \/>Website: www.villa-vosje.de<\/p>\t\t\t\t\t\t<\/div>\n\t\t\t\t<\/div>\n\t\t\t\t\t<\/div>\n\t\t<\/div>\n\t\t\t\t<div class=\"elementor-column elementor-col-50 elementor-inner-column elementor-element elementor-element-1850645f\" data-id=\"1850645f\" data-element_type=\"column\" data-settings=\"{&quot;background_background&quot;:&quot;classic&quot;}\">\n\t\t\t<div class=\"elementor-widget-wrap elementor-element-populated\">\n\t\t\t\t\t\t<div class=\"elementor-element elementor-element-4c7d4a44 elementor-widget elementor-widget-image\" data-id=\"4c7d4a44\" data-element_type=\"widget\" data-widget_type=\"image.default\">\n\t\t\t\t<div class=\"elementor-widget-container\">\n\t\t\t\t\t\t\t\t\t\t\t\t\t<img decoding=\"async\" src=\"https:\/\/i0.wp.com\/villa-vosje.eu\/fr\/wp-content\/uploads\/sites\/4\/2020\/06\/esstisch_1.jpg?fit=600%2C600&#038;ssl=1\" title=\"table_a_manger_1\" alt=\"D\u00eener \u00e0 la villa\" loading=\"lazy\" \/>\t\t\t\t\t\t\t\t\t\t\t\t\t<\/div>\n\t\t\t\t<\/div>\n\t\t\t\t\t<\/div>\n\t\t<\/div>\n\t\t\t\t\t<\/div>\n\t\t<\/section>\n\t\t\t\t<section class=\"elementor-section elementor-top-section elementor-element elementor-element-658743b4 elementor-section-boxed elementor-section-height-default elementor-section-height-default\" data-id=\"658743b4\" data-element_type=\"section\">\n\t\t\t\t\t\t<div class=\"elementor-container elementor-column-gap-default\">\n\t\t\t\t\t<div class=\"elementor-column elementor-col-100 elementor-top-column elementor-element elementor-element-722d1f1b\" data-id=\"722d1f1b\" data-element_type=\"column\">\n\t\t\t<div class=\"elementor-widget-wrap elementor-element-populated\">\n\t\t\t\t\t\t<div class=\"elementor-element elementor-element-6553c7c elementor-widget elementor-widget-spacer\" data-id=\"6553c7c\" data-element_type=\"widget\" data-widget_type=\"spacer.default\">\n\t\t\t\t<div class=\"elementor-widget-container\">\n\t\t\t\t\t<div class=\"elementor-spacer\">\n\t\t\t<div class=\"elementor-spacer-inner\"><\/div>\n\t\t<\/div>\n\t\t\t\t<\/div>\n\t\t\t\t<\/div>\n\t\t\t\t<div class=\"elementor-element elementor-element-3246042 elementor-widget elementor-widget-heading\" data-id=\"3246042\" data-element_type=\"widget\" data-widget_type=\"heading.default\">\n\t\t\t\t<div class=\"elementor-widget-container\">\n\t\t\t<h2 class=\"elementor-heading-title elementor-size-default\">Pour un s\u00e9jour agr\u00e9able<\/h2>\t\t<\/div>\n\t\t\t\t<\/div>\n\t\t\t\t<div class=\"elementor-element elementor-element-dfd5821 elementor-widget-divider--separator-type-pattern elementor-widget-divider--no-spacing elementor-widget-divider--view-line elementor-widget elementor-widget-divider\" data-id=\"dfd5821\" data-element_type=\"widget\" data-widget_type=\"divider.default\">\n\t\t\t\t<div class=\"elementor-widget-container\">\n\t\t\t\t\t<div class=\"elementor-divider\" style=\"--divider-pattern-url: url(&quot;data:image\/svg+xml,%3Csvg xmlns=&#039;http:\/\/www.w3.org\/2000\/svg&#039; preserveAspectRatio=&#039;xMidYMid meet&#039; overflow=&#039;visible&#039; height=&#039;100%&#039; viewBox=&#039;0 0 126 26&#039; fill=&#039;black&#039; stroke=&#039;none&#039;%3E%3Cpath d=&#039;M3,10.2c2.6,0,2.6,2,2.6,3.2S4.4,16.5,3,16.5s-3-1.4-3-3.2S0.4,10.2,3,10.2z M18.8,10.2c1.7,0,3.2,1.4,3.2,3.2s-1.4,3.2-3.2,3.2c-1.7,0-3.2-1.4-3.2-3.2S17,10.2,18.8,10.2z M34.6,10.2c1.5,0,2.6,1.4,2.6,3.2s-0.5,3.2-1.9,3.2c-1.5,0-3.4-1.4-3.4-3.2S33.1,10.2,34.6,10.2z M50.5,10.2c1.7,0,3.2,1.4,3.2,3.2s-1.4,3.2-3.2,3.2c-1.7,0-3.3-0.9-3.3-2.6S48.7,10.2,50.5,10.2z M66.2,10.2c1.5,0,3.4,1.4,3.4,3.2s-1.9,3.2-3.4,3.2c-1.5,0-2.6-0.4-2.6-2.1S64.8,10.2,66.2,10.2z M82.2,10.2c1.7,0.8,2.6,1.4,2.6,3.2s-0.1,3.2-1.6,3.2c-1.5,0-3.7-1.4-3.7-3.2S80.5,9.4,82.2,10.2zM98.6,10.2c1.5,0,2.6,0.4,2.6,2.1s-1.2,4.2-2.6,4.2c-1.5,0-3.7-0.4-3.7-2.1S97.1,10.2,98.6,10.2z M113.4,10.2c1.2,0,2.2,0.9,2.2,3.2s-0.1,3.2-1.3,3.2s-3.1-1.4-3.1-3.2S112.2,10.2,113.4,10.2z&#039;\/%3E%3C\/svg%3E&quot;);\">\n\t\t\t<span class=\"elementor-divider-separator\">\n\t\t\t\t\t\t<\/span>\n\t\t<\/div>\n\t\t\t\t<\/div>\n\t\t\t\t<\/div>\n\t\t\t\t<div class=\"elementor-element elementor-element-98d9369 elementor-widget elementor-widget-text-editor\" data-id=\"98d9369\" data-element_type=\"widget\" data-widget_type=\"text-editor.default\">\n\t\t\t\t<div class=\"elementor-widget-container\">\n\t\t\t\t\t\t\t<ol><li>Veuillez vous assurer que le volume n&#8217;est pas g\u00eanant pour les voisins, en particulier dans les zones ext\u00e9rieures. Ceci est d&#8217;autant plus vrai pour la p\u00e9riode de sommeil nocturne de 22h00 \u00e0 7h00.<\/li><li>Veuillez traiter la maison, son mobilier et son \u00e9quipement avec respect. Vouz devez payer pour tout dommage que vous causez<\/li><li>Les festivit\u00e9s (par ex. F\u00eates) avec des invit\u00e9s (non-locataires) ne sont pas autoris\u00e9es.<\/li><li>Verrouillez toujours les portes et les fen\u00eatres lorsque vous quittez la maison.<\/li><li>Les animaux domestiques ne sont autoris\u00e9s qu&#8217;apr\u00e8s accord s\u00e9par\u00e9 (voir conditions g\u00e9n\u00e9rales)<\/li><li>Veuillez utiliser les espaces ext\u00e9rieurs si vous souhaitez fumer. Fumer\u00a0 dans la maison est interdit.<\/li><li>L&#8217;utilisation des appareils n&#8217;est autoris\u00e9e qu&#8217;apr\u00e8s avoir pris connaissance du mode d&#8217;emploi (Comment faire fonctionner quoi ?).<\/li><li>Les modifications de la maison, de l&#8217;inventaire et de l&#8217;\u00e9quipement ne sont pas autoris\u00e9es. Les changements peuvent entra\u00eener des co\u00fbts consid\u00e9rables pour la restauration.<\/li><\/ol>\t\t\t\t\t\t<\/div>\n\t\t\t\t<\/div>\n\t\t\t\t<div class=\"elementor-element elementor-element-6b30528 elementor-widget elementor-widget-text-editor\" data-id=\"6b30528\" data-element_type=\"widget\" data-widget_type=\"text-editor.default\">\n\t\t\t\t<div class=\"elementor-widget-container\">\n\t\t\t\t\t\t\t<p><a href=\"https:\/\/villa-vosje.eu\/fr\/\"><span style=\"text-decoration: underline;\">Retour \u00e0 la page d&#8217;accueil<\/span><\/a><\/p>\t\t\t\t\t\t<\/div>\n\t\t\t\t<\/div>\n\t\t\t\t\t<\/div>\n\t\t<\/div>\n\t\t\t\t\t<\/div>\n\t\t<\/section>\n\t\t\t\t<\/div>\n\t\t","protected":false},"excerpt":{"rendered":"<p>Nos r\u00e8gles internes Villa VosjeVosseslagDe Haan, Belgien Contact:E-Mail: info@villa-vosje.deWebsite: www.villa-vosje.de Pour un s\u00e9jour agr\u00e9able Veuillez vous assurer que le volume n&#8217;est pas g\u00eanant pour les voisins, en particulier dans les zones ext\u00e9rieures. Ceci est d&#8217;autant plus vrai pour la p\u00e9riode de sommeil nocturne de 22h00 \u00e0 7h00. Veuillez traiter la maison, son mobilier et son&hellip;&nbsp;<a href=\"https:\/\/villa-vosje.eu\/fr\/reglement-interieur\/\" rel=\"bookmark\">Weiterlesen &raquo;<span class=\"screen-reader-text\">R\u00e8glement int\u00e9rieur<\/span><\/a><\/p>\n","protected":false},"author":1,"featured_media":0,"parent":0,"menu_order":0,"comment_status":"closed","ping_status":"closed","template":"","meta":{"neve_meta_sidebar":"full-width","neve_meta_container":"","neve_meta_enable_content_width":"on","neve_meta_content_width":100,"neve_meta_title_alignment":"","neve_meta_author_avatar":"","neve_post_elements_order":"","neve_meta_disable_header":"","neve_meta_disable_footer":"","neve_meta_disable_title":"on"},"yoast_head":"<!-- This site is optimized with the Yoast SEO plugin v21.8.1 - https:\/\/yoast.com\/wordpress\/plugins\/seo\/ -->\n<title>Die Villa Vosje - Hier finden Sie unsere Hausordnung<\/title>\n<meta name=\"description\" content=\"Traumurlaub in De Haan an der belgischen Nordseek\u00fcste. Villa Vosje Hausodnung: das ist als Gast bei der Miete zu beachten.\" \/>\n<meta name=\"robots\" content=\"index, follow, max-snippet:-1, max-image-preview:large, max-video-preview:-1\" \/>\n<link rel=\"canonical\" href=\"https:\/\/villa-vosje.eu\/fr\/reglement-interieur\/\" \/>\n<meta property=\"og:locale\" content=\"de_DE\" \/>\n<meta property=\"og:type\" content=\"article\" \/>\n<meta property=\"og:title\" content=\"Die Villa Vosje - Hier finden Sie unsere Hausordnung\" \/>\n<meta property=\"og:description\" content=\"Traumurlaub in De Haan an der belgischen Nordseek\u00fcste. Villa Vosje Hausodnung: das ist als Gast bei der Miete zu beachten.\" \/>\n<meta property=\"og:url\" content=\"https:\/\/villa-vosje.eu\/fr\/reglement-interieur\/\" \/>\n<meta property=\"og:site_name\" content=\"Villa Vosje.fr\" \/>\n<meta property=\"article:modified_time\" content=\"2021-03-18T11:52:06+00:00\" \/>\n<meta property=\"og:image\" content=\"http:\/\/villa-vosje.eu\/fr\/wp-content\/uploads\/sites\/4\/elementor\/thumbs\/esstisch_1-p3q58u11xo75yxpuqtavy1kzp3ow8enwdwwn5uw3u8.jpg\" \/>\n<meta name=\"twitter:card\" content=\"summary_large_image\" \/>\n<meta name=\"twitter:label1\" content=\"Gesch\u00e4tzte Lesezeit\" \/>\n\t<meta name=\"twitter:data1\" content=\"1\u00a0Minute\" \/>\n<script type=\"application\/ld+json\" class=\"yoast-schema-graph\">{\"@context\":\"https:\/\/schema.org\",\"@graph\":[{\"@type\":\"WebPage\",\"@id\":\"https:\/\/villa-vosje.eu\/fr\/reglement-interieur\/\",\"url\":\"https:\/\/villa-vosje.eu\/fr\/reglement-interieur\/\",\"name\":\"Die Villa Vosje - Hier finden Sie unsere Hausordnung\",\"isPartOf\":{\"@id\":\"https:\/\/villa-vosje.eu\/fr\/#website\"},\"datePublished\":\"2020-06-05T09:41:14+00:00\",\"dateModified\":\"2021-03-18T11:52:06+00:00\",\"description\":\"Traumurlaub in De Haan an der belgischen Nordseek\u00fcste. Villa Vosje Hausodnung: das ist als Gast bei der Miete zu beachten.\",\"breadcrumb\":{\"@id\":\"https:\/\/villa-vosje.eu\/fr\/reglement-interieur\/#breadcrumb\"},\"inLanguage\":\"de\",\"potentialAction\":[{\"@type\":\"ReadAction\",\"target\":[\"https:\/\/villa-vosje.eu\/fr\/reglement-interieur\/\"]}]},{\"@type\":\"BreadcrumbList\",\"@id\":\"https:\/\/villa-vosje.eu\/fr\/reglement-interieur\/#breadcrumb\",\"itemListElement\":[{\"@type\":\"ListItem\",\"position\":1,\"name\":\"Startseite\",\"item\":\"https:\/\/villa-vosje.eu\/fr\/\"},{\"@type\":\"ListItem\",\"position\":2,\"name\":\"R\u00e8glement int\u00e9rieur\"}]},{\"@type\":\"WebSite\",\"@id\":\"https:\/\/villa-vosje.eu\/fr\/#website\",\"url\":\"https:\/\/villa-vosje.eu\/fr\/\",\"name\":\"Villa Vosje.fr\",\"description\":\"Vacances sur la c\u00f4te belge de la mer du Nord\",\"publisher\":{\"@id\":\"https:\/\/villa-vosje.eu\/fr\/#organization\"},\"potentialAction\":[{\"@type\":\"SearchAction\",\"target\":{\"@type\":\"EntryPoint\",\"urlTemplate\":\"https:\/\/villa-vosje.eu\/fr\/?s={search_term_string}\"},\"query-input\":\"required name=search_term_string\"}],\"inLanguage\":\"de\"},{\"@type\":\"Organization\",\"@id\":\"https:\/\/villa-vosje.eu\/fr\/#organization\",\"name\":\"Villa Vosje.fr\",\"url\":\"https:\/\/villa-vosje.eu\/fr\/\",\"logo\":{\"@type\":\"ImageObject\",\"inLanguage\":\"de\",\"@id\":\"https:\/\/villa-vosje.eu\/fr\/#\/schema\/logo\/image\/\",\"url\":\"https:\/\/i0.wp.com\/villa-vosje.eu\/fr\/wp-content\/uploads\/sites\/4\/2020\/06\/vosicon.png?fit=512%2C512&ssl=1\",\"contentUrl\":\"https:\/\/i0.wp.com\/villa-vosje.eu\/fr\/wp-content\/uploads\/sites\/4\/2020\/06\/vosicon.png?fit=512%2C512&ssl=1\",\"width\":512,\"height\":512,\"caption\":\"Villa Vosje.fr\"},\"image\":{\"@id\":\"https:\/\/villa-vosje.eu\/fr\/#\/schema\/logo\/image\/\"}}]}<\/script>\n<!-- \/ Yoast SEO plugin. -->","yoast_head_json":{"title":"Die Villa Vosje - Hier finden Sie unsere Hausordnung","description":"Traumurlaub in De Haan an der belgischen Nordseek\u00fcste. Villa Vosje Hausodnung: das ist als Gast bei der Miete zu beachten.","robots":{"index":"index","follow":"follow","max-snippet":"max-snippet:-1","max-image-preview":"max-image-preview:large","max-video-preview":"max-video-preview:-1"},"canonical":"https:\/\/villa-vosje.eu\/fr\/reglement-interieur\/","og_locale":"de_DE","og_type":"article","og_title":"Die Villa Vosje - Hier finden Sie unsere Hausordnung","og_description":"Traumurlaub in De Haan an der belgischen Nordseek\u00fcste. Villa Vosje Hausodnung: das ist als Gast bei der Miete zu beachten.","og_url":"https:\/\/villa-vosje.eu\/fr\/reglement-interieur\/","og_site_name":"Villa Vosje.fr","article_modified_time":"2021-03-18T11:52:06+00:00","og_image":[{"url":"http:\/\/villa-vosje.eu\/fr\/wp-content\/uploads\/sites\/4\/elementor\/thumbs\/esstisch_1-p3q58u11xo75yxpuqtavy1kzp3ow8enwdwwn5uw3u8.jpg"}],"twitter_card":"summary_large_image","twitter_misc":{"Gesch\u00e4tzte Lesezeit":"1\u00a0Minute"},"schema":{"@context":"https:\/\/schema.org","@graph":[{"@type":"WebPage","@id":"https:\/\/villa-vosje.eu\/fr\/reglement-interieur\/","url":"https:\/\/villa-vosje.eu\/fr\/reglement-interieur\/","name":"Die Villa Vosje - Hier finden Sie unsere Hausordnung","isPartOf":{"@id":"https:\/\/villa-vosje.eu\/fr\/#website"},"datePublished":"2020-06-05T09:41:14+00:00","dateModified":"2021-03-18T11:52:06+00:00","description":"Traumurlaub in De Haan an der belgischen Nordseek\u00fcste. Villa Vosje Hausodnung: das ist als Gast bei der Miete zu beachten.","breadcrumb":{"@id":"https:\/\/villa-vosje.eu\/fr\/reglement-interieur\/#breadcrumb"},"inLanguage":"de","potentialAction":[{"@type":"ReadAction","target":["https:\/\/villa-vosje.eu\/fr\/reglement-interieur\/"]}]},{"@type":"BreadcrumbList","@id":"https:\/\/villa-vosje.eu\/fr\/reglement-interieur\/#breadcrumb","itemListElement":[{"@type":"ListItem","position":1,"name":"Startseite","item":"https:\/\/villa-vosje.eu\/fr\/"},{"@type":"ListItem","position":2,"name":"R\u00e8glement int\u00e9rieur"}]},{"@type":"WebSite","@id":"https:\/\/villa-vosje.eu\/fr\/#website","url":"https:\/\/villa-vosje.eu\/fr\/","name":"Villa Vosje.fr","description":"Vacances sur la c\u00f4te belge de la mer du Nord","publisher":{"@id":"https:\/\/villa-vosje.eu\/fr\/#organization"},"potentialAction":[{"@type":"SearchAction","target":{"@type":"EntryPoint","urlTemplate":"https:\/\/villa-vosje.eu\/fr\/?s={search_term_string}"},"query-input":"required name=search_term_string"}],"inLanguage":"de"},{"@type":"Organization","@id":"https:\/\/villa-vosje.eu\/fr\/#organization","name":"Villa Vosje.fr","url":"https:\/\/villa-vosje.eu\/fr\/","logo":{"@type":"ImageObject","inLanguage":"de","@id":"https:\/\/villa-vosje.eu\/fr\/#\/schema\/logo\/image\/","url":"https:\/\/i0.wp.com\/villa-vosje.eu\/fr\/wp-content\/uploads\/sites\/4\/2020\/06\/vosicon.png?fit=512%2C512&ssl=1","contentUrl":"https:\/\/i0.wp.com\/villa-vosje.eu\/fr\/wp-content\/uploads\/sites\/4\/2020\/06\/vosicon.png?fit=512%2C512&ssl=1","width":512,"height":512,"caption":"Villa Vosje.fr"},"image":{"@id":"https:\/\/villa-vosje.eu\/fr\/#\/schema\/logo\/image\/"}}]}},"_links":{"self":[{"href":"https:\/\/villa-vosje.eu\/fr\/wp-json\/wp\/v2\/pages\/800"}],"collection":[{"href":"https:\/\/villa-vosje.eu\/fr\/wp-json\/wp\/v2\/pages"}],"about":[{"href":"https:\/\/villa-vosje.eu\/fr\/wp-json\/wp\/v2\/types\/page"}],"author":[{"embeddable":true,"href":"https:\/\/villa-vosje.eu\/fr\/wp-json\/wp\/v2\/users\/1"}],"replies":[{"embeddable":true,"href":"https:\/\/villa-vosje.eu\/fr\/wp-json\/wp\/v2\/comments?post=800"}],"version-history":[{"count":7,"href":"https:\/\/villa-vosje.eu\/fr\/wp-json\/wp\/v2\/pages\/800\/revisions"}],"predecessor-version":[{"id":2203,"href":"https:\/\/villa-vosje.eu\/fr\/wp-json\/wp\/v2\/pages\/800\/revisions\/2203"}],"wp:attachment":[{"href":"https:\/\/villa-vosje.eu\/fr\/wp-json\/wp\/v2\/media?parent=800"}],"curies":[{"name":"wp","href":"https:\/\/api.w.org\/{rel}","templated":true}]}}