{"id":381,"date":"2020-05-28T10:35:40","date_gmt":"2020-05-28T10:35:40","guid":{"rendered":"http:\/\/villa-vosje.de\/?page_id=381"},"modified":"2022-10-07T09:14:12","modified_gmt":"2022-10-07T07:14:12","slug":"reserver-les-vacances","status":"publish","type":"page","link":"https:\/\/villa-vosje.eu\/fr\/reserver-les-vacances\/","title":{"rendered":"R\u00e9server les vacances"},"content":{"rendered":"\t\t<div data-elementor-type=\"wp-page\" data-elementor-id=\"381\" class=\"elementor elementor-381\">\n\t\t\t\t\t\t<section class=\"elementor-section elementor-top-section elementor-element elementor-element-2b4f606 elementor-section-full_width elementor-section-height-min-height elementor-hidden-phone elementor-section-height-default elementor-section-items-middle\" data-id=\"2b4f606\" data-element_type=\"section\" data-settings=\"{&quot;background_background&quot;:&quot;classic&quot;}\">\n\t\t\t\t\t\t<div class=\"elementor-container elementor-column-gap-default\">\n\t\t\t\t\t<div class=\"elementor-column elementor-col-100 elementor-top-column elementor-element elementor-element-a7908c2\" data-id=\"a7908c2\" data-element_type=\"column\">\n\t\t\t<div class=\"elementor-widget-wrap elementor-element-populated\">\n\t\t\t\t\t\t<section class=\"elementor-section elementor-inner-section elementor-element elementor-element-4219826 elementor-section-boxed elementor-section-height-default elementor-section-height-default\" data-id=\"4219826\" data-element_type=\"section\">\n\t\t\t\t\t\t<div class=\"elementor-container elementor-column-gap-default\">\n\t\t\t\t\t<div class=\"elementor-column elementor-col-50 elementor-inner-column elementor-element elementor-element-24ac279\" data-id=\"24ac279\" data-element_type=\"column\">\n\t\t\t<div class=\"elementor-widget-wrap elementor-element-populated\">\n\t\t\t\t\t\t<div class=\"elementor-element elementor-element-14e7547 elementor-widget elementor-widget-heading\" data-id=\"14e7547\" data-element_type=\"widget\" data-widget_type=\"heading.default\">\n\t\t\t\t<div class=\"elementor-widget-container\">\n\t\t\t<h1 class=\"elementor-heading-title elementor-size-default\">\"Suis ton coeur et n'oublie pas ton maillot de bain !\"<\/h1>\t\t<\/div>\n\t\t\t\t<\/div>\n\t\t\t\t\t<\/div>\n\t\t<\/div>\n\t\t\t\t<div class=\"elementor-column elementor-col-50 elementor-inner-column elementor-element elementor-element-bb032b3\" data-id=\"bb032b3\" data-element_type=\"column\">\n\t\t\t<div class=\"elementor-widget-wrap\">\n\t\t\t\t\t\t\t<\/div>\n\t\t<\/div>\n\t\t\t\t\t<\/div>\n\t\t<\/section>\n\t\t\t\t\t<\/div>\n\t\t<\/div>\n\t\t\t\t\t<\/div>\n\t\t<\/section>\n\t\t\t\t<section class=\"elementor-section elementor-top-section elementor-element elementor-element-e882224 elementor-section-boxed elementor-section-height-default elementor-section-height-default\" data-id=\"e882224\" data-element_type=\"section\">\n\t\t\t\t\t\t<div class=\"elementor-container elementor-column-gap-default\">\n\t\t\t\t\t<div class=\"elementor-column elementor-col-100 elementor-top-column elementor-element elementor-element-8c324e4\" data-id=\"8c324e4\" data-element_type=\"column\">\n\t\t\t<div class=\"elementor-widget-wrap elementor-element-populated\">\n\t\t\t\t\t\t<div class=\"elementor-element elementor-element-e83d89f elementor-widget elementor-widget-spacer\" data-id=\"e83d89f\" data-element_type=\"widget\" data-widget_type=\"spacer.default\">\n\t\t\t\t<div class=\"elementor-widget-container\">\n\t\t\t\t\t<div class=\"elementor-spacer\">\n\t\t\t<div class=\"elementor-spacer-inner\"><\/div>\n\t\t<\/div>\n\t\t\t\t<\/div>\n\t\t\t\t<\/div>\n\t\t\t\t\t<\/div>\n\t\t<\/div>\n\t\t\t\t\t<\/div>\n\t\t<\/section>\n\t\t\t\t<section class=\"elementor-section elementor-top-section elementor-element elementor-element-a7886ed elementor-section-boxed elementor-section-height-default elementor-section-height-default\" data-id=\"a7886ed\" data-element_type=\"section\">\n\t\t\t\t\t\t<div class=\"elementor-container elementor-column-gap-default\">\n\t\t\t\t\t<div class=\"elementor-column elementor-col-100 elementor-top-column elementor-element elementor-element-53b2522\" data-id=\"53b2522\" data-element_type=\"column\">\n\t\t\t<div class=\"elementor-widget-wrap elementor-element-populated\">\n\t\t\t\t\t\t<div class=\"elementor-element elementor-element-d0a4909 elementor-widget elementor-widget-text-editor\" data-id=\"d0a4909\" data-element_type=\"widget\" data-widget_type=\"text-editor.default\">\n\t\t\t\t<div class=\"elementor-widget-container\">\n\t\t\t\t\t\t\t<p>Pour le moment, vous ne pouvez r\u00e9server vos vacances \u00e0 la Villa Vosje que par le biais d&#8217;Airbnb. <a href=\"https:\/\/fr.airbnb.be\/rooms\/45211397?check_in=2021-04-29&amp;check_out=2021-05-02&amp;s=67&amp;unique_share_id=d28c8bf3-b98e-448e-8815-43779ab2c551\"><u>Cliquez ici pour acc\u00e9der \u00e0 l&#8217;annonce<\/u><\/a> !<\/p><p>Vous avez une question ? Cliquez ici pour <a href=\"https:\/\/villa-vosje.eu\/fr\/contact\/\"><u>le formulaire de contact<\/u><\/a>.<\/p>\t\t\t\t\t\t<\/div>\n\t\t\t\t<\/div>\n\t\t\t\t\t<\/div>\n\t\t<\/div>\n\t\t\t\t\t<\/div>\n\t\t<\/section>\n\t\t\t\t<section class=\"elementor-section elementor-top-section elementor-element elementor-element-025bd65 elementor-section-boxed elementor-section-height-default elementor-section-height-default\" data-id=\"025bd65\" data-element_type=\"section\">\n\t\t\t\t\t\t<div class=\"elementor-container elementor-column-gap-default\">\n\t\t\t\t\t<div class=\"elementor-column elementor-col-100 elementor-top-column elementor-element elementor-element-02334ca\" data-id=\"02334ca\" data-element_type=\"column\">\n\t\t\t<div class=\"elementor-widget-wrap elementor-element-populated\">\n\t\t\t\t\t\t<div class=\"elementor-element elementor-element-2d82d2e elementor-hidden-desktop elementor-hidden-tablet elementor-widget-divider--separator-type-pattern elementor-widget-divider--no-spacing elementor-widget-divider--view-line elementor-widget elementor-widget-divider\" data-id=\"2d82d2e\" data-element_type=\"widget\" data-widget_type=\"divider.default\">\n\t\t\t\t<div class=\"elementor-widget-container\">\n\t\t\t\t\t<div class=\"elementor-divider\" style=\"--divider-pattern-url: url(&quot;data:image\/svg+xml,%3Csvg xmlns=&#039;http:\/\/www.w3.org\/2000\/svg&#039; preserveAspectRatio=&#039;xMidYMid meet&#039; overflow=&#039;visible&#039; height=&#039;100%&#039; viewBox=&#039;0 0 126 26&#039; fill=&#039;black&#039; stroke=&#039;none&#039;%3E%3Cpath d=&#039;M3,10.2c2.6,0,2.6,2,2.6,3.2S4.4,16.5,3,16.5s-3-1.4-3-3.2S0.4,10.2,3,10.2z M18.8,10.2c1.7,0,3.2,1.4,3.2,3.2s-1.4,3.2-3.2,3.2c-1.7,0-3.2-1.4-3.2-3.2S17,10.2,18.8,10.2z M34.6,10.2c1.5,0,2.6,1.4,2.6,3.2s-0.5,3.2-1.9,3.2c-1.5,0-3.4-1.4-3.4-3.2S33.1,10.2,34.6,10.2z M50.5,10.2c1.7,0,3.2,1.4,3.2,3.2s-1.4,3.2-3.2,3.2c-1.7,0-3.3-0.9-3.3-2.6S48.7,10.2,50.5,10.2z M66.2,10.2c1.5,0,3.4,1.4,3.4,3.2s-1.9,3.2-3.4,3.2c-1.5,0-2.6-0.4-2.6-2.1S64.8,10.2,66.2,10.2z M82.2,10.2c1.7,0.8,2.6,1.4,2.6,3.2s-0.1,3.2-1.6,3.2c-1.5,0-3.7-1.4-3.7-3.2S80.5,9.4,82.2,10.2zM98.6,10.2c1.5,0,2.6,0.4,2.6,2.1s-1.2,4.2-2.6,4.2c-1.5,0-3.7-0.4-3.7-2.1S97.1,10.2,98.6,10.2z M113.4,10.2c1.2,0,2.2,0.9,2.2,3.2s-0.1,3.2-1.3,3.2s-3.1-1.4-3.1-3.2S112.2,10.2,113.4,10.2z&#039;\/%3E%3C\/svg%3E&quot;);\">\n\t\t\t<span class=\"elementor-divider-separator\">\n\t\t\t\t\t\t<\/span>\n\t\t<\/div>\n\t\t\t\t<\/div>\n\t\t\t\t<\/div>\n\t\t\t\t<div class=\"elementor-element elementor-element-824a628 elementor-widget elementor-widget-heading\" data-id=\"824a628\" data-element_type=\"widget\" data-widget_type=\"heading.default\">\n\t\t\t\t<div class=\"elementor-widget-container\">\n\t\t\t<h2 class=\"elementor-heading-title elementor-size-default\">Cliquez ici pour r\u00e9server !<\/h2>\t\t<\/div>\n\t\t\t\t<\/div>\n\t\t\t\t<div class=\"elementor-element elementor-element-89ebd1d elementor-widget elementor-widget-image\" data-id=\"89ebd1d\" data-element_type=\"widget\" data-widget_type=\"image.default\">\n\t\t\t\t<div class=\"elementor-widget-container\">\n\t\t\t\t\t\t\t\t\t\t\t\t\t\t<a href=\"https:\/\/www.airbnb.de\/rooms\/45211397?check_in=2021-04-29&#038;check_out=2021-05-02&#038;s=67\">\n\t\t\t\t\t\t\t<img decoding=\"async\" src=\"https:\/\/i0.wp.com\/villa-vosje.eu\/en\/wp-content\/uploads\/sites\/3\/2022\/10\/vosje_en_airbnb.jpg?w=1200&#038;ssl=1\" title=\"\" alt=\"\" loading=\"lazy\" data-recalc-dims=\"1\" \/>\t\t\t\t\t\t\t\t<\/a>\n\t\t\t\t\t\t\t\t\t\t\t\t\t<\/div>\n\t\t\t\t<\/div>\n\t\t\t\t<div class=\"elementor-element elementor-element-62d3af5 elementor-hidden-desktop elementor-hidden-tablet elementor-widget-divider--separator-type-pattern elementor-widget-divider--no-spacing elementor-widget-divider--view-line elementor-widget elementor-widget-divider\" data-id=\"62d3af5\" data-element_type=\"widget\" data-widget_type=\"divider.default\">\n\t\t\t\t<div class=\"elementor-widget-container\">\n\t\t\t\t\t<div class=\"elementor-divider\" style=\"--divider-pattern-url: url(&quot;data:image\/svg+xml,%3Csvg xmlns=&#039;http:\/\/www.w3.org\/2000\/svg&#039; preserveAspectRatio=&#039;xMidYMid meet&#039; overflow=&#039;visible&#039; height=&#039;100%&#039; viewBox=&#039;0 0 126 26&#039; fill=&#039;black&#039; stroke=&#039;none&#039;%3E%3Cpath d=&#039;M3,10.2c2.6,0,2.6,2,2.6,3.2S4.4,16.5,3,16.5s-3-1.4-3-3.2S0.4,10.2,3,10.2z M18.8,10.2c1.7,0,3.2,1.4,3.2,3.2s-1.4,3.2-3.2,3.2c-1.7,0-3.2-1.4-3.2-3.2S17,10.2,18.8,10.2z M34.6,10.2c1.5,0,2.6,1.4,2.6,3.2s-0.5,3.2-1.9,3.2c-1.5,0-3.4-1.4-3.4-3.2S33.1,10.2,34.6,10.2z M50.5,10.2c1.7,0,3.2,1.4,3.2,3.2s-1.4,3.2-3.2,3.2c-1.7,0-3.3-0.9-3.3-2.6S48.7,10.2,50.5,10.2z M66.2,10.2c1.5,0,3.4,1.4,3.4,3.2s-1.9,3.2-3.4,3.2c-1.5,0-2.6-0.4-2.6-2.1S64.8,10.2,66.2,10.2z M82.2,10.2c1.7,0.8,2.6,1.4,2.6,3.2s-0.1,3.2-1.6,3.2c-1.5,0-3.7-1.4-3.7-3.2S80.5,9.4,82.2,10.2zM98.6,10.2c1.5,0,2.6,0.4,2.6,2.1s-1.2,4.2-2.6,4.2c-1.5,0-3.7-0.4-3.7-2.1S97.1,10.2,98.6,10.2z M113.4,10.2c1.2,0,2.2,0.9,2.2,3.2s-0.1,3.2-1.3,3.2s-3.1-1.4-3.1-3.2S112.2,10.2,113.4,10.2z&#039;\/%3E%3C\/svg%3E&quot;);\">\n\t\t\t<span class=\"elementor-divider-separator\">\n\t\t\t\t\t\t<\/span>\n\t\t<\/div>\n\t\t\t\t<\/div>\n\t\t\t\t<\/div>\n\t\t\t\t<div class=\"elementor-element elementor-element-dc58ba1 elementor-widget elementor-widget-spacer\" data-id=\"dc58ba1\" data-element_type=\"widget\" data-widget_type=\"spacer.default\">\n\t\t\t\t<div class=\"elementor-widget-container\">\n\t\t\t\t\t<div class=\"elementor-spacer\">\n\t\t\t<div class=\"elementor-spacer-inner\"><\/div>\n\t\t<\/div>\n\t\t\t\t<\/div>\n\t\t\t\t<\/div>\n\t\t\t\t\t<\/div>\n\t\t<\/div>\n\t\t\t\t\t<\/div>\n\t\t<\/section>\n\t\t\t\t<\/div>\n\t\t","protected":false},"excerpt":{"rendered":"<p>&#8222;Suis ton coeur et n&#8217;oublie pas ton maillot de bain !&#8220; Pour le moment, vous ne pouvez r\u00e9server vos vacances \u00e0 la Villa Vosje que par le biais d&#8217;Airbnb. Cliquez ici pour acc\u00e9der \u00e0 l&#8217;annonce ! Vous avez une question ? Cliquez ici pour le formulaire de contact. Cliquez ici pour r\u00e9server !<\/p>\n","protected":false},"author":1,"featured_media":0,"parent":0,"menu_order":0,"comment_status":"closed","ping_status":"closed","template":"","meta":{"neve_meta_sidebar":"full-width","neve_meta_container":"full-width","neve_meta_enable_content_width":"on","neve_meta_content_width":100,"neve_meta_title_alignment":"","neve_meta_author_avatar":"","neve_post_elements_order":"","neve_meta_disable_header":"","neve_meta_disable_footer":"","neve_meta_disable_title":"on"},"yoast_head":"<!-- This site is optimized with the Yoast SEO plugin v21.8.1 - https:\/\/yoast.com\/wordpress\/plugins\/seo\/ -->\n<title>R\u00e9servez vos vacances sur la c\u00f4te belge de la mer du Nord.<\/title>\n<meta name=\"description\" content=\"R\u00e9servez vos vacances de r\u00eave sur la c\u00f4te belge de la mer du Nord et faites l&#039;exp\u00e9rience du confort et de la d\u00e9tente \u00e0 De Haan !\" \/>\n<meta name=\"robots\" content=\"index, follow, max-snippet:-1, max-image-preview:large, max-video-preview:-1\" \/>\n<link rel=\"canonical\" href=\"https:\/\/villa-vosje.eu\/fr\/reserver-les-vacances\/\" \/>\n<meta property=\"og:locale\" content=\"de_DE\" \/>\n<meta property=\"og:type\" content=\"article\" \/>\n<meta property=\"og:title\" content=\"R\u00e9servez vos vacances sur la c\u00f4te belge de la mer du Nord.\" \/>\n<meta property=\"og:description\" content=\"R\u00e9servez vos vacances de r\u00eave sur la c\u00f4te belge de la mer du Nord et faites l&#039;exp\u00e9rience du confort et de la d\u00e9tente \u00e0 De Haan !\" \/>\n<meta property=\"og:url\" content=\"https:\/\/villa-vosje.eu\/fr\/reserver-les-vacances\/\" \/>\n<meta property=\"og:site_name\" content=\"Villa Vosje.fr\" \/>\n<meta property=\"article:modified_time\" content=\"2022-10-07T07:14:12+00:00\" \/>\n<meta property=\"og:image\" content=\"https:\/\/villa-vosje.eu\/en\/wp-content\/uploads\/sites\/3\/2022\/10\/vosje_en_airbnb.jpg\" \/>\n<meta name=\"twitter:card\" content=\"summary_large_image\" \/>\n<meta name=\"twitter:label1\" content=\"Gesch\u00e4tzte Lesezeit\" \/>\n\t<meta name=\"twitter:data1\" content=\"1\u00a0Minute\" \/>\n<script type=\"application\/ld+json\" class=\"yoast-schema-graph\">{\"@context\":\"https:\/\/schema.org\",\"@graph\":[{\"@type\":\"WebPage\",\"@id\":\"https:\/\/villa-vosje.eu\/fr\/reserver-les-vacances\/\",\"url\":\"https:\/\/villa-vosje.eu\/fr\/reserver-les-vacances\/\",\"name\":\"R\u00e9servez vos vacances sur la c\u00f4te belge de la mer du Nord.\",\"isPartOf\":{\"@id\":\"https:\/\/villa-vosje.eu\/fr\/#website\"},\"datePublished\":\"2020-05-28T10:35:40+00:00\",\"dateModified\":\"2022-10-07T07:14:12+00:00\",\"description\":\"R\u00e9servez vos vacances de r\u00eave sur la c\u00f4te belge de la mer du Nord et faites l'exp\u00e9rience du confort et de la d\u00e9tente \u00e0 De Haan !\",\"breadcrumb\":{\"@id\":\"https:\/\/villa-vosje.eu\/fr\/reserver-les-vacances\/#breadcrumb\"},\"inLanguage\":\"de\",\"potentialAction\":[{\"@type\":\"ReadAction\",\"target\":[\"https:\/\/villa-vosje.eu\/fr\/reserver-les-vacances\/\"]}]},{\"@type\":\"BreadcrumbList\",\"@id\":\"https:\/\/villa-vosje.eu\/fr\/reserver-les-vacances\/#breadcrumb\",\"itemListElement\":[{\"@type\":\"ListItem\",\"position\":1,\"name\":\"Startseite\",\"item\":\"https:\/\/villa-vosje.eu\/fr\/\"},{\"@type\":\"ListItem\",\"position\":2,\"name\":\"R\u00e9server les vacances\"}]},{\"@type\":\"WebSite\",\"@id\":\"https:\/\/villa-vosje.eu\/fr\/#website\",\"url\":\"https:\/\/villa-vosje.eu\/fr\/\",\"name\":\"Villa Vosje.fr\",\"description\":\"Vacances sur la c\u00f4te belge de la mer du Nord\",\"publisher\":{\"@id\":\"https:\/\/villa-vosje.eu\/fr\/#organization\"},\"potentialAction\":[{\"@type\":\"SearchAction\",\"target\":{\"@type\":\"EntryPoint\",\"urlTemplate\":\"https:\/\/villa-vosje.eu\/fr\/?s={search_term_string}\"},\"query-input\":\"required name=search_term_string\"}],\"inLanguage\":\"de\"},{\"@type\":\"Organization\",\"@id\":\"https:\/\/villa-vosje.eu\/fr\/#organization\",\"name\":\"Villa Vosje.fr\",\"url\":\"https:\/\/villa-vosje.eu\/fr\/\",\"logo\":{\"@type\":\"ImageObject\",\"inLanguage\":\"de\",\"@id\":\"https:\/\/villa-vosje.eu\/fr\/#\/schema\/logo\/image\/\",\"url\":\"https:\/\/i0.wp.com\/villa-vosje.eu\/fr\/wp-content\/uploads\/sites\/4\/2020\/06\/vosicon.png?fit=512%2C512&ssl=1\",\"contentUrl\":\"https:\/\/i0.wp.com\/villa-vosje.eu\/fr\/wp-content\/uploads\/sites\/4\/2020\/06\/vosicon.png?fit=512%2C512&ssl=1\",\"width\":512,\"height\":512,\"caption\":\"Villa Vosje.fr\"},\"image\":{\"@id\":\"https:\/\/villa-vosje.eu\/fr\/#\/schema\/logo\/image\/\"}}]}<\/script>\n<!-- \/ Yoast SEO plugin. -->","yoast_head_json":{"title":"R\u00e9servez vos vacances sur la c\u00f4te belge de la mer du Nord.","description":"R\u00e9servez vos vacances de r\u00eave sur la c\u00f4te belge de la mer du Nord et faites l'exp\u00e9rience du confort et de la d\u00e9tente \u00e0 De Haan !","robots":{"index":"index","follow":"follow","max-snippet":"max-snippet:-1","max-image-preview":"max-image-preview:large","max-video-preview":"max-video-preview:-1"},"canonical":"https:\/\/villa-vosje.eu\/fr\/reserver-les-vacances\/","og_locale":"de_DE","og_type":"article","og_title":"R\u00e9servez vos vacances sur la c\u00f4te belge de la mer du Nord.","og_description":"R\u00e9servez vos vacances de r\u00eave sur la c\u00f4te belge de la mer du Nord et faites l'exp\u00e9rience du confort et de la d\u00e9tente \u00e0 De Haan !","og_url":"https:\/\/villa-vosje.eu\/fr\/reserver-les-vacances\/","og_site_name":"Villa Vosje.fr","article_modified_time":"2022-10-07T07:14:12+00:00","og_image":[{"url":"https:\/\/villa-vosje.eu\/en\/wp-content\/uploads\/sites\/3\/2022\/10\/vosje_en_airbnb.jpg"}],"twitter_card":"summary_large_image","twitter_misc":{"Gesch\u00e4tzte Lesezeit":"1\u00a0Minute"},"schema":{"@context":"https:\/\/schema.org","@graph":[{"@type":"WebPage","@id":"https:\/\/villa-vosje.eu\/fr\/reserver-les-vacances\/","url":"https:\/\/villa-vosje.eu\/fr\/reserver-les-vacances\/","name":"R\u00e9servez vos vacances sur la c\u00f4te belge de la mer du Nord.","isPartOf":{"@id":"https:\/\/villa-vosje.eu\/fr\/#website"},"datePublished":"2020-05-28T10:35:40+00:00","dateModified":"2022-10-07T07:14:12+00:00","description":"R\u00e9servez vos vacances de r\u00eave sur la c\u00f4te belge de la mer du Nord et faites l'exp\u00e9rience du confort et de la d\u00e9tente \u00e0 De Haan !","breadcrumb":{"@id":"https:\/\/villa-vosje.eu\/fr\/reserver-les-vacances\/#breadcrumb"},"inLanguage":"de","potentialAction":[{"@type":"ReadAction","target":["https:\/\/villa-vosje.eu\/fr\/reserver-les-vacances\/"]}]},{"@type":"BreadcrumbList","@id":"https:\/\/villa-vosje.eu\/fr\/reserver-les-vacances\/#breadcrumb","itemListElement":[{"@type":"ListItem","position":1,"name":"Startseite","item":"https:\/\/villa-vosje.eu\/fr\/"},{"@type":"ListItem","position":2,"name":"R\u00e9server les vacances"}]},{"@type":"WebSite","@id":"https:\/\/villa-vosje.eu\/fr\/#website","url":"https:\/\/villa-vosje.eu\/fr\/","name":"Villa Vosje.fr","description":"Vacances sur la c\u00f4te belge de la mer du Nord","publisher":{"@id":"https:\/\/villa-vosje.eu\/fr\/#organization"},"potentialAction":[{"@type":"SearchAction","target":{"@type":"EntryPoint","urlTemplate":"https:\/\/villa-vosje.eu\/fr\/?s={search_term_string}"},"query-input":"required name=search_term_string"}],"inLanguage":"de"},{"@type":"Organization","@id":"https:\/\/villa-vosje.eu\/fr\/#organization","name":"Villa Vosje.fr","url":"https:\/\/villa-vosje.eu\/fr\/","logo":{"@type":"ImageObject","inLanguage":"de","@id":"https:\/\/villa-vosje.eu\/fr\/#\/schema\/logo\/image\/","url":"https:\/\/i0.wp.com\/villa-vosje.eu\/fr\/wp-content\/uploads\/sites\/4\/2020\/06\/vosicon.png?fit=512%2C512&ssl=1","contentUrl":"https:\/\/i0.wp.com\/villa-vosje.eu\/fr\/wp-content\/uploads\/sites\/4\/2020\/06\/vosicon.png?fit=512%2C512&ssl=1","width":512,"height":512,"caption":"Villa Vosje.fr"},"image":{"@id":"https:\/\/villa-vosje.eu\/fr\/#\/schema\/logo\/image\/"}}]}},"_links":{"self":[{"href":"https:\/\/villa-vosje.eu\/fr\/wp-json\/wp\/v2\/pages\/381"}],"collection":[{"href":"https:\/\/villa-vosje.eu\/fr\/wp-json\/wp\/v2\/pages"}],"about":[{"href":"https:\/\/villa-vosje.eu\/fr\/wp-json\/wp\/v2\/types\/page"}],"author":[{"embeddable":true,"href":"https:\/\/villa-vosje.eu\/fr\/wp-json\/wp\/v2\/users\/1"}],"replies":[{"embeddable":true,"href":"https:\/\/villa-vosje.eu\/fr\/wp-json\/wp\/v2\/comments?post=381"}],"version-history":[{"count":17,"href":"https:\/\/villa-vosje.eu\/fr\/wp-json\/wp\/v2\/pages\/381\/revisions"}],"predecessor-version":[{"id":2504,"href":"https:\/\/villa-vosje.eu\/fr\/wp-json\/wp\/v2\/pages\/381\/revisions\/2504"}],"wp:attachment":[{"href":"https:\/\/villa-vosje.eu\/fr\/wp-json\/wp\/v2\/media?parent=381"}],"curies":[{"name":"wp","href":"https:\/\/api.w.org\/{rel}","templated":true}]}}