{"id":348,"date":"2020-05-28T09:50:13","date_gmt":"2020-05-28T09:50:13","guid":{"rendered":"http:\/\/villa-vosje.de\/?page_id=348"},"modified":"2021-03-19T12:13:21","modified_gmt":"2021-03-19T11:13:21","slug":"mentions-legales","status":"publish","type":"page","link":"https:\/\/villa-vosje.eu\/fr\/mentions-legales\/","title":{"rendered":"Mentions l\u00e9gales"},"content":{"rendered":"\t\t<div data-elementor-type=\"wp-page\" data-elementor-id=\"348\" class=\"elementor elementor-348\">\n\t\t\t\t\t\t<section class=\"elementor-section elementor-top-section elementor-element elementor-element-5b6bcb3 elementor-section-boxed elementor-section-height-default elementor-section-height-default\" data-id=\"5b6bcb3\" data-element_type=\"section\">\n\t\t\t\t\t\t<div class=\"elementor-container elementor-column-gap-default\">\n\t\t\t\t\t<div class=\"elementor-column elementor-col-100 elementor-top-column elementor-element elementor-element-b383561\" data-id=\"b383561\" data-element_type=\"column\">\n\t\t\t<div class=\"elementor-widget-wrap elementor-element-populated\">\n\t\t\t\t\t\t<div class=\"elementor-element elementor-element-ab879aa elementor-hidden-phone elementor-widget elementor-widget-spacer\" data-id=\"ab879aa\" data-element_type=\"widget\" data-widget_type=\"spacer.default\">\n\t\t\t\t<div class=\"elementor-widget-container\">\n\t\t\t\t\t<div class=\"elementor-spacer\">\n\t\t\t<div class=\"elementor-spacer-inner\"><\/div>\n\t\t<\/div>\n\t\t\t\t<\/div>\n\t\t\t\t<\/div>\n\t\t\t\t\t<\/div>\n\t\t<\/div>\n\t\t\t\t\t<\/div>\n\t\t<\/section>\n\t\t\t\t<section class=\"elementor-section elementor-inner-section elementor-element elementor-element-73e1ea47 elementor-reverse-mobile elementor-section-boxed elementor-section-height-default elementor-section-height-default\" data-id=\"73e1ea47\" data-element_type=\"section\">\n\t\t\t\t\t\t<div class=\"elementor-container elementor-column-gap-default\">\n\t\t\t\t\t<div class=\"elementor-column elementor-col-50 elementor-inner-column elementor-element elementor-element-1153c118\" data-id=\"1153c118\" data-element_type=\"column\" data-settings=\"{&quot;background_background&quot;:&quot;classic&quot;}\">\n\t\t\t<div class=\"elementor-widget-wrap elementor-element-populated\">\n\t\t\t\t\t\t<div class=\"elementor-element elementor-element-33d501f elementor-widget elementor-widget-heading\" data-id=\"33d501f\" data-element_type=\"widget\" data-widget_type=\"heading.default\">\n\t\t\t\t<div class=\"elementor-widget-container\">\n\t\t\t<h1 class=\"elementor-heading-title elementor-size-default\">Mentions l\u00e9gales<\/h1>\t\t<\/div>\n\t\t\t\t<\/div>\n\t\t\t\t<div class=\"elementor-element elementor-element-c1dfb43 elementor-widget elementor-widget-heading\" data-id=\"c1dfb43\" data-element_type=\"widget\" data-widget_type=\"heading.default\">\n\t\t\t\t<div class=\"elementor-widget-container\">\n\t\t\t<h6 class=\"elementor-heading-title elementor-size-default\">Responsable du contenu et de la conception du site web<\/h6>\t\t<\/div>\n\t\t\t\t<\/div>\n\t\t\t\t<div class=\"elementor-element elementor-element-c8dfe2e elementor-widget elementor-widget-text-editor\" data-id=\"c8dfe2e\" data-element_type=\"widget\" data-widget_type=\"text-editor.default\">\n\t\t\t\t<div class=\"elementor-widget-container\">\n\t\t\t\t\t\t\t<p>L. Zahedi<br \/>Alte K\u00f6lner Str. 41a<br \/>40885 Ratingen<\/p>\t\t\t\t\t\t<\/div>\n\t\t\t\t<\/div>\n\t\t\t\t<div class=\"elementor-element elementor-element-2c7e6dd elementor-widget elementor-widget-heading\" data-id=\"2c7e6dd\" data-element_type=\"widget\" data-widget_type=\"heading.default\">\n\t\t\t\t<div class=\"elementor-widget-container\">\n\t\t\t<h6 class=\"elementor-heading-title elementor-size-default\">Propri\u00e9taire de maison<\/h6>\t\t<\/div>\n\t\t\t\t<\/div>\n\t\t\t\t<div class=\"elementor-element elementor-element-3d06dd7 elementor-widget elementor-widget-text-editor\" data-id=\"3d06dd7\" data-element_type=\"widget\" data-widget_type=\"text-editor.default\">\n\t\t\t\t<div class=\"elementor-widget-container\">\n\t\t\t\t\t\t\t<p>Dr. Dr. B. + R. Zahedi<br \/>Alte K\u00f6lner Str. 41a<br \/>40885 Ratingen<\/p>\t\t\t\t\t\t<\/div>\n\t\t\t\t<\/div>\n\t\t\t\t<div class=\"elementor-element elementor-element-b866a5f elementor-widget elementor-widget-heading\" data-id=\"b866a5f\" data-element_type=\"widget\" data-widget_type=\"heading.default\">\n\t\t\t\t<div class=\"elementor-widget-container\">\n\t\t\t<h6 class=\"elementor-heading-title elementor-size-default\">Contact<\/h6>\t\t<\/div>\n\t\t\t\t<\/div>\n\t\t\t\t<div class=\"elementor-element elementor-element-d004aa7 elementor-widget elementor-widget-text-editor\" data-id=\"d004aa7\" data-element_type=\"widget\" data-widget_type=\"text-editor.default\">\n\t\t\t\t<div class=\"elementor-widget-container\">\n\t\t\t\t\t\t\t<p>E-Mail: info@villa-vosje.de<br \/>Website: www.villa-vosje.de<\/p>\t\t\t\t\t\t<\/div>\n\t\t\t\t<\/div>\n\t\t\t\t<div class=\"elementor-element elementor-element-18b4327 elementor-widget elementor-widget-text-editor\" data-id=\"18b4327\" data-element_type=\"widget\" data-widget_type=\"text-editor.default\">\n\t\t\t\t<div class=\"elementor-widget-container\">\n\t\t\t\t\t\t\t<p><a href=\"https:\/\/villa-vosje.eu\/fr\/droits-dimage\/\"><span style=\"text-decoration: underline;\">Droits d&#8217;image<\/span><\/a><\/p><p><a href=\"https:\/\/villa-vosje.eu\/fr\/rgpd\/\"><span style=\"text-decoration: underline;\">Protection des donn\u00e9es<\/span><\/a><\/p>\t\t\t\t\t\t<\/div>\n\t\t\t\t<\/div>\n\t\t\t\t\t<\/div>\n\t\t<\/div>\n\t\t\t\t<div class=\"elementor-column elementor-col-50 elementor-inner-column elementor-element elementor-element-67f4272c\" data-id=\"67f4272c\" data-element_type=\"column\" data-settings=\"{&quot;background_background&quot;:&quot;classic&quot;}\">\n\t\t\t<div class=\"elementor-widget-wrap elementor-element-populated\">\n\t\t\t\t\t\t<div class=\"elementor-element elementor-element-27e7907e elementor-widget elementor-widget-image\" data-id=\"27e7907e\" data-element_type=\"widget\" data-widget_type=\"image.default\">\n\t\t\t\t<div class=\"elementor-widget-container\">\n\t\t\t\t\t\t\t\t\t\t\t\t\t<img decoding=\"async\" src=\"https:\/\/i0.wp.com\/villa-vosje.eu\/fr\/wp-content\/uploads\/sites\/4\/2020\/06\/fuchsbild_kueche.jpg?fit=600%2C600&#038;ssl=1\" title=\"renard_image_cuisine\" alt=\"D\u00e9coration de la cuisine de la Villa Vosje\" loading=\"lazy\" \/>\t\t\t\t\t\t\t\t\t\t\t\t\t<\/div>\n\t\t\t\t<\/div>\n\t\t\t\t\t<\/div>\n\t\t<\/div>\n\t\t\t\t\t<\/div>\n\t\t<\/section>\n\t\t\t\t<section class=\"elementor-section elementor-top-section elementor-element elementor-element-4b1459a2 elementor-section-boxed elementor-section-height-default elementor-section-height-default\" data-id=\"4b1459a2\" data-element_type=\"section\">\n\t\t\t\t\t\t<div class=\"elementor-container elementor-column-gap-default\">\n\t\t\t\t\t<div class=\"elementor-column elementor-col-100 elementor-top-column elementor-element elementor-element-44aed575\" data-id=\"44aed575\" data-element_type=\"column\">\n\t\t\t<div class=\"elementor-widget-wrap elementor-element-populated\">\n\t\t\t\t\t\t<div class=\"elementor-element elementor-element-32ab0953 elementor-widget elementor-widget-spacer\" data-id=\"32ab0953\" data-element_type=\"widget\" data-widget_type=\"spacer.default\">\n\t\t\t\t<div class=\"elementor-widget-container\">\n\t\t\t\t\t<div class=\"elementor-spacer\">\n\t\t\t<div class=\"elementor-spacer-inner\"><\/div>\n\t\t<\/div>\n\t\t\t\t<\/div>\n\t\t\t\t<\/div>\n\t\t\t\t<div class=\"elementor-element elementor-element-79cddff2 elementor-widget elementor-widget-text-editor\" data-id=\"79cddff2\" data-element_type=\"widget\" data-widget_type=\"text-editor.default\">\n\t\t\t\t<div class=\"elementor-widget-container\">\n\t\t\t\t\t\t\t<p><a href=\"https:\/\/villa-vosje.eu\/fr\/\"><span style=\"text-decoration: underline;\">Retour \u00e0 la page d&#8217;accueil<\/span><\/a><\/p>\t\t\t\t\t\t<\/div>\n\t\t\t\t<\/div>\n\t\t\t\t\t<\/div>\n\t\t<\/div>\n\t\t\t\t\t<\/div>\n\t\t<\/section>\n\t\t\t\t<\/div>\n\t\t","protected":false},"excerpt":{"rendered":"<p>Mentions l\u00e9gales Responsable du contenu et de la conception du site web L. ZahediAlte K\u00f6lner Str. 41a40885 Ratingen Propri\u00e9taire de maison Dr. Dr. B. + R. ZahediAlte K\u00f6lner Str. 41a40885 Ratingen Contact E-Mail: info@villa-vosje.deWebsite: www.villa-vosje.de Droits d&#8217;image Protection des donn\u00e9es Retour \u00e0 la page d&#8217;accueil<\/p>\n","protected":false},"author":1,"featured_media":0,"parent":0,"menu_order":0,"comment_status":"closed","ping_status":"closed","template":"","meta":{"neve_meta_sidebar":"full-width","neve_meta_container":"","neve_meta_enable_content_width":"on","neve_meta_content_width":100,"neve_meta_title_alignment":"","neve_meta_author_avatar":"","neve_post_elements_order":"","neve_meta_disable_header":"","neve_meta_disable_footer":"","neve_meta_disable_title":"on"},"yoast_head":"<!-- This site is optimized with the Yoast SEO plugin v21.8.1 - https:\/\/yoast.com\/wordpress\/plugins\/seo\/ -->\n<title>Mentions l\u00e9gales - Villa Vosje.fr<\/title>\n<meta name=\"description\" content=\"Unsere Villa liegt im Vosseslag in De Haan, direkt an der belgischen Nordseek\u00fcste. \u00dcber den Buchungskalender k\u00f6nnen Sie Ihren Urlaub buchen!\" \/>\n<meta name=\"robots\" content=\"index, follow, max-snippet:-1, max-image-preview:large, max-video-preview:-1\" \/>\n<link rel=\"canonical\" href=\"https:\/\/villa-vosje.eu\/fr\/mentions-legales\/\" \/>\n<meta property=\"og:locale\" content=\"de_DE\" \/>\n<meta property=\"og:type\" content=\"article\" \/>\n<meta property=\"og:title\" content=\"Mentions l\u00e9gales - Villa Vosje.fr\" \/>\n<meta property=\"og:description\" content=\"Unsere Villa liegt im Vosseslag in De Haan, direkt an der belgischen Nordseek\u00fcste. \u00dcber den Buchungskalender k\u00f6nnen Sie Ihren Urlaub buchen!\" \/>\n<meta property=\"og:url\" content=\"https:\/\/villa-vosje.eu\/fr\/mentions-legales\/\" \/>\n<meta property=\"og:site_name\" content=\"Villa Vosje.fr\" \/>\n<meta property=\"article:modified_time\" content=\"2021-03-19T11:13:21+00:00\" \/>\n<meta property=\"og:image\" content=\"http:\/\/villa-vosje.eu\/fr\/wp-content\/uploads\/sites\/4\/elementor\/thumbs\/fuchsbild_kueche-p3q58pbuzi0qcvwoi99r3kroq6c25x58p9n7rh32pc.jpg\" \/>\n<meta name=\"twitter:card\" content=\"summary_large_image\" \/>\n<script type=\"application\/ld+json\" class=\"yoast-schema-graph\">{\"@context\":\"https:\/\/schema.org\",\"@graph\":[{\"@type\":\"WebPage\",\"@id\":\"https:\/\/villa-vosje.eu\/fr\/mentions-legales\/\",\"url\":\"https:\/\/villa-vosje.eu\/fr\/mentions-legales\/\",\"name\":\"Mentions l\u00e9gales - Villa Vosje.fr\",\"isPartOf\":{\"@id\":\"https:\/\/villa-vosje.eu\/fr\/#website\"},\"datePublished\":\"2020-05-28T09:50:13+00:00\",\"dateModified\":\"2021-03-19T11:13:21+00:00\",\"description\":\"Unsere Villa liegt im Vosseslag in De Haan, direkt an der belgischen Nordseek\u00fcste. \u00dcber den Buchungskalender k\u00f6nnen Sie Ihren Urlaub buchen!\",\"breadcrumb\":{\"@id\":\"https:\/\/villa-vosje.eu\/fr\/mentions-legales\/#breadcrumb\"},\"inLanguage\":\"de\",\"potentialAction\":[{\"@type\":\"ReadAction\",\"target\":[\"https:\/\/villa-vosje.eu\/fr\/mentions-legales\/\"]}]},{\"@type\":\"BreadcrumbList\",\"@id\":\"https:\/\/villa-vosje.eu\/fr\/mentions-legales\/#breadcrumb\",\"itemListElement\":[{\"@type\":\"ListItem\",\"position\":1,\"name\":\"Startseite\",\"item\":\"https:\/\/villa-vosje.eu\/fr\/\"},{\"@type\":\"ListItem\",\"position\":2,\"name\":\"Mentions l\u00e9gales\"}]},{\"@type\":\"WebSite\",\"@id\":\"https:\/\/villa-vosje.eu\/fr\/#website\",\"url\":\"https:\/\/villa-vosje.eu\/fr\/\",\"name\":\"Villa Vosje.fr\",\"description\":\"Vacances sur la c\u00f4te belge de la mer du Nord\",\"publisher\":{\"@id\":\"https:\/\/villa-vosje.eu\/fr\/#organization\"},\"potentialAction\":[{\"@type\":\"SearchAction\",\"target\":{\"@type\":\"EntryPoint\",\"urlTemplate\":\"https:\/\/villa-vosje.eu\/fr\/?s={search_term_string}\"},\"query-input\":\"required name=search_term_string\"}],\"inLanguage\":\"de\"},{\"@type\":\"Organization\",\"@id\":\"https:\/\/villa-vosje.eu\/fr\/#organization\",\"name\":\"Villa Vosje.fr\",\"url\":\"https:\/\/villa-vosje.eu\/fr\/\",\"logo\":{\"@type\":\"ImageObject\",\"inLanguage\":\"de\",\"@id\":\"https:\/\/villa-vosje.eu\/fr\/#\/schema\/logo\/image\/\",\"url\":\"https:\/\/i0.wp.com\/villa-vosje.eu\/fr\/wp-content\/uploads\/sites\/4\/2020\/06\/vosicon.png?fit=512%2C512&ssl=1\",\"contentUrl\":\"https:\/\/i0.wp.com\/villa-vosje.eu\/fr\/wp-content\/uploads\/sites\/4\/2020\/06\/vosicon.png?fit=512%2C512&ssl=1\",\"width\":512,\"height\":512,\"caption\":\"Villa Vosje.fr\"},\"image\":{\"@id\":\"https:\/\/villa-vosje.eu\/fr\/#\/schema\/logo\/image\/\"}}]}<\/script>\n<!-- \/ Yoast SEO plugin. -->","yoast_head_json":{"title":"Mentions l\u00e9gales - Villa Vosje.fr","description":"Unsere Villa liegt im Vosseslag in De Haan, direkt an der belgischen Nordseek\u00fcste. \u00dcber den Buchungskalender k\u00f6nnen Sie Ihren Urlaub buchen!","robots":{"index":"index","follow":"follow","max-snippet":"max-snippet:-1","max-image-preview":"max-image-preview:large","max-video-preview":"max-video-preview:-1"},"canonical":"https:\/\/villa-vosje.eu\/fr\/mentions-legales\/","og_locale":"de_DE","og_type":"article","og_title":"Mentions l\u00e9gales - Villa Vosje.fr","og_description":"Unsere Villa liegt im Vosseslag in De Haan, direkt an der belgischen Nordseek\u00fcste. \u00dcber den Buchungskalender k\u00f6nnen Sie Ihren Urlaub buchen!","og_url":"https:\/\/villa-vosje.eu\/fr\/mentions-legales\/","og_site_name":"Villa Vosje.fr","article_modified_time":"2021-03-19T11:13:21+00:00","og_image":[{"url":"http:\/\/villa-vosje.eu\/fr\/wp-content\/uploads\/sites\/4\/elementor\/thumbs\/fuchsbild_kueche-p3q58pbuzi0qcvwoi99r3kroq6c25x58p9n7rh32pc.jpg"}],"twitter_card":"summary_large_image","schema":{"@context":"https:\/\/schema.org","@graph":[{"@type":"WebPage","@id":"https:\/\/villa-vosje.eu\/fr\/mentions-legales\/","url":"https:\/\/villa-vosje.eu\/fr\/mentions-legales\/","name":"Mentions l\u00e9gales - Villa Vosje.fr","isPartOf":{"@id":"https:\/\/villa-vosje.eu\/fr\/#website"},"datePublished":"2020-05-28T09:50:13+00:00","dateModified":"2021-03-19T11:13:21+00:00","description":"Unsere Villa liegt im Vosseslag in De Haan, direkt an der belgischen Nordseek\u00fcste. \u00dcber den Buchungskalender k\u00f6nnen Sie Ihren Urlaub buchen!","breadcrumb":{"@id":"https:\/\/villa-vosje.eu\/fr\/mentions-legales\/#breadcrumb"},"inLanguage":"de","potentialAction":[{"@type":"ReadAction","target":["https:\/\/villa-vosje.eu\/fr\/mentions-legales\/"]}]},{"@type":"BreadcrumbList","@id":"https:\/\/villa-vosje.eu\/fr\/mentions-legales\/#breadcrumb","itemListElement":[{"@type":"ListItem","position":1,"name":"Startseite","item":"https:\/\/villa-vosje.eu\/fr\/"},{"@type":"ListItem","position":2,"name":"Mentions l\u00e9gales"}]},{"@type":"WebSite","@id":"https:\/\/villa-vosje.eu\/fr\/#website","url":"https:\/\/villa-vosje.eu\/fr\/","name":"Villa Vosje.fr","description":"Vacances sur la c\u00f4te belge de la mer du Nord","publisher":{"@id":"https:\/\/villa-vosje.eu\/fr\/#organization"},"potentialAction":[{"@type":"SearchAction","target":{"@type":"EntryPoint","urlTemplate":"https:\/\/villa-vosje.eu\/fr\/?s={search_term_string}"},"query-input":"required name=search_term_string"}],"inLanguage":"de"},{"@type":"Organization","@id":"https:\/\/villa-vosje.eu\/fr\/#organization","name":"Villa Vosje.fr","url":"https:\/\/villa-vosje.eu\/fr\/","logo":{"@type":"ImageObject","inLanguage":"de","@id":"https:\/\/villa-vosje.eu\/fr\/#\/schema\/logo\/image\/","url":"https:\/\/i0.wp.com\/villa-vosje.eu\/fr\/wp-content\/uploads\/sites\/4\/2020\/06\/vosicon.png?fit=512%2C512&ssl=1","contentUrl":"https:\/\/i0.wp.com\/villa-vosje.eu\/fr\/wp-content\/uploads\/sites\/4\/2020\/06\/vosicon.png?fit=512%2C512&ssl=1","width":512,"height":512,"caption":"Villa Vosje.fr"},"image":{"@id":"https:\/\/villa-vosje.eu\/fr\/#\/schema\/logo\/image\/"}}]}},"_links":{"self":[{"href":"https:\/\/villa-vosje.eu\/fr\/wp-json\/wp\/v2\/pages\/348"}],"collection":[{"href":"https:\/\/villa-vosje.eu\/fr\/wp-json\/wp\/v2\/pages"}],"about":[{"href":"https:\/\/villa-vosje.eu\/fr\/wp-json\/wp\/v2\/types\/page"}],"author":[{"embeddable":true,"href":"https:\/\/villa-vosje.eu\/fr\/wp-json\/wp\/v2\/users\/1"}],"replies":[{"embeddable":true,"href":"https:\/\/villa-vosje.eu\/fr\/wp-json\/wp\/v2\/comments?post=348"}],"version-history":[{"count":13,"href":"https:\/\/villa-vosje.eu\/fr\/wp-json\/wp\/v2\/pages\/348\/revisions"}],"predecessor-version":[{"id":2226,"href":"https:\/\/villa-vosje.eu\/fr\/wp-json\/wp\/v2\/pages\/348\/revisions\/2226"}],"wp:attachment":[{"href":"https:\/\/villa-vosje.eu\/fr\/wp-json\/wp\/v2\/media?parent=348"}],"curies":[{"name":"wp","href":"https:\/\/api.w.org\/{rel}","templated":true}]}}