{"id":727,"date":"2020-06-04T12:51:39","date_gmt":"2020-06-04T12:51:39","guid":{"rendered":"http:\/\/villa-vosje.de\/?page_id=727"},"modified":"2021-03-10T16:24:16","modified_gmt":"2021-03-10T15:24:16","slug":"terms-and-conditions","status":"publish","type":"page","link":"https:\/\/villa-vosje.eu\/en\/terms-and-conditions\/","title":{"rendered":"T&#038;Cs"},"content":{"rendered":"\t\t<div data-elementor-type=\"wp-page\" data-elementor-id=\"727\" class=\"elementor elementor-727\">\n\t\t\t\t\t\t<section class=\"elementor-section elementor-inner-section elementor-element elementor-element-47bb22d2 elementor-reverse-mobile elementor-section-boxed elementor-section-height-default elementor-section-height-default\" data-id=\"47bb22d2\" data-element_type=\"section\">\n\t\t\t\t\t\t<div class=\"elementor-container elementor-column-gap-default\">\n\t\t\t\t\t<div class=\"elementor-column elementor-col-50 elementor-inner-column elementor-element elementor-element-29d8f843\" data-id=\"29d8f843\" data-element_type=\"column\" data-settings=\"{&quot;background_background&quot;:&quot;classic&quot;}\">\n\t\t\t<div class=\"elementor-widget-wrap elementor-element-populated\">\n\t\t\t\t\t\t<div class=\"elementor-element elementor-element-8446537 elementor-widget elementor-widget-heading\" data-id=\"8446537\" data-element_type=\"widget\" data-widget_type=\"heading.default\">\n\t\t\t\t<div class=\"elementor-widget-container\">\n\t\t\t<h1 class=\"elementor-heading-title elementor-size-default\">Our terms &<br>\nconditions<\/h1>\t\t<\/div>\n\t\t\t\t<\/div>\n\t\t\t\t<div class=\"elementor-element elementor-element-18f58b81 elementor-widget elementor-widget-spacer\" data-id=\"18f58b81\" data-element_type=\"widget\" data-widget_type=\"spacer.default\">\n\t\t\t\t<div class=\"elementor-widget-container\">\n\t\t\t\t\t<div class=\"elementor-spacer\">\n\t\t\t<div class=\"elementor-spacer-inner\"><\/div>\n\t\t<\/div>\n\t\t\t\t<\/div>\n\t\t\t\t<\/div>\n\t\t\t\t<div class=\"elementor-element elementor-element-5c550d44 elementor-widget elementor-widget-text-editor\" data-id=\"5c550d44\" data-element_type=\"widget\" data-widget_type=\"text-editor.default\">\n\t\t\t\t<div class=\"elementor-widget-container\">\n\t\t\t\t\t\t\t<p><strong>Villa Vosje<\/strong><br \/>Vosseslag<br \/>De Haan, Belgien<\/p><p><b>Contact:<\/b><br \/>E-Mail: info@villa-vosje.de<br \/>Website: www.villa-vosje.de<\/p>\t\t\t\t\t\t<\/div>\n\t\t\t\t<\/div>\n\t\t\t\t\t<\/div>\n\t\t<\/div>\n\t\t\t\t<div class=\"elementor-column elementor-col-50 elementor-inner-column elementor-element elementor-element-5d27fefe\" data-id=\"5d27fefe\" data-element_type=\"column\" data-settings=\"{&quot;background_background&quot;:&quot;classic&quot;}\">\n\t\t\t<div class=\"elementor-widget-wrap elementor-element-populated\">\n\t\t\t\t\t\t<div class=\"elementor-element elementor-element-4484d4a4 elementor-hidden-tablet elementor-hidden-phone elementor-widget elementor-widget-image\" data-id=\"4484d4a4\" data-element_type=\"widget\" data-widget_type=\"image.default\">\n\t\t\t\t<div class=\"elementor-widget-container\">\n\t\t\t\t\t\t\t\t\t\t\t\t\t<img decoding=\"async\" src=\"https:\/\/i0.wp.com\/villa-vosje.eu\/en\/wp-content\/uploads\/sites\/3\/2020\/06\/duene_1.jpg?fit=600%2C600&#038;ssl=1\" title=\"dune_1\" alt=\"The dune on the beach, sea view and blue sky\" loading=\"lazy\" \/>\t\t\t\t\t\t\t\t\t\t\t\t\t<\/div>\n\t\t\t\t<\/div>\n\t\t\t\t\t<\/div>\n\t\t<\/div>\n\t\t\t\t\t<\/div>\n\t\t<\/section>\n\t\t\t\t<section class=\"elementor-section elementor-top-section elementor-element elementor-element-3c7cbd8 elementor-section-boxed elementor-section-height-default elementor-section-height-default\" data-id=\"3c7cbd8\" data-element_type=\"section\">\n\t\t\t\t\t\t<div class=\"elementor-container elementor-column-gap-default\">\n\t\t\t\t\t<div class=\"elementor-column elementor-col-100 elementor-top-column elementor-element elementor-element-ccd6b94\" data-id=\"ccd6b94\" data-element_type=\"column\">\n\t\t\t<div class=\"elementor-widget-wrap elementor-element-populated\">\n\t\t\t\t\t\t<div class=\"elementor-element elementor-element-2042d95 elementor-widget elementor-widget-spacer\" data-id=\"2042d95\" data-element_type=\"widget\" data-widget_type=\"spacer.default\">\n\t\t\t\t<div class=\"elementor-widget-container\">\n\t\t\t\t\t<div class=\"elementor-spacer\">\n\t\t\t<div class=\"elementor-spacer-inner\"><\/div>\n\t\t<\/div>\n\t\t\t\t<\/div>\n\t\t\t\t<\/div>\n\t\t\t\t<div class=\"elementor-element elementor-element-1421dda elementor-widget elementor-widget-heading\" data-id=\"1421dda\" data-element_type=\"widget\" data-widget_type=\"heading.default\">\n\t\t\t\t<div class=\"elementor-widget-container\">\n\t\t\t<h2 class=\"elementor-heading-title elementor-size-default\">Terms and conditions for renting the Villa Vosje - De Haan<\/h2>\t\t<\/div>\n\t\t\t\t<\/div>\n\t\t\t\t<div class=\"elementor-element elementor-element-6e53b1f7 elementor-widget-divider--separator-type-pattern elementor-widget-divider--no-spacing elementor-widget-divider--view-line elementor-widget elementor-widget-divider\" data-id=\"6e53b1f7\" data-element_type=\"widget\" data-widget_type=\"divider.default\">\n\t\t\t\t<div class=\"elementor-widget-container\">\n\t\t\t\t\t<div class=\"elementor-divider\" style=\"--divider-pattern-url: url(&quot;data:image\/svg+xml,%3Csvg xmlns=&#039;http:\/\/www.w3.org\/2000\/svg&#039; preserveAspectRatio=&#039;xMidYMid meet&#039; overflow=&#039;visible&#039; height=&#039;100%&#039; viewBox=&#039;0 0 126 26&#039; fill=&#039;black&#039; stroke=&#039;none&#039;%3E%3Cpath d=&#039;M3,10.2c2.6,0,2.6,2,2.6,3.2S4.4,16.5,3,16.5s-3-1.4-3-3.2S0.4,10.2,3,10.2z M18.8,10.2c1.7,0,3.2,1.4,3.2,3.2s-1.4,3.2-3.2,3.2c-1.7,0-3.2-1.4-3.2-3.2S17,10.2,18.8,10.2z M34.6,10.2c1.5,0,2.6,1.4,2.6,3.2s-0.5,3.2-1.9,3.2c-1.5,0-3.4-1.4-3.4-3.2S33.1,10.2,34.6,10.2z M50.5,10.2c1.7,0,3.2,1.4,3.2,3.2s-1.4,3.2-3.2,3.2c-1.7,0-3.3-0.9-3.3-2.6S48.7,10.2,50.5,10.2z M66.2,10.2c1.5,0,3.4,1.4,3.4,3.2s-1.9,3.2-3.4,3.2c-1.5,0-2.6-0.4-2.6-2.1S64.8,10.2,66.2,10.2z M82.2,10.2c1.7,0.8,2.6,1.4,2.6,3.2s-0.1,3.2-1.6,3.2c-1.5,0-3.7-1.4-3.7-3.2S80.5,9.4,82.2,10.2zM98.6,10.2c1.5,0,2.6,0.4,2.6,2.1s-1.2,4.2-2.6,4.2c-1.5,0-3.7-0.4-3.7-2.1S97.1,10.2,98.6,10.2z M113.4,10.2c1.2,0,2.2,0.9,2.2,3.2s-0.1,3.2-1.3,3.2s-3.1-1.4-3.1-3.2S112.2,10.2,113.4,10.2z&#039;\/%3E%3C\/svg%3E&quot;);\">\n\t\t\t<span class=\"elementor-divider-separator\">\n\t\t\t\t\t\t<\/span>\n\t\t<\/div>\n\t\t\t\t<\/div>\n\t\t\t\t<\/div>\n\t\t\t\t<div class=\"elementor-element elementor-element-222b458 elementor-widget elementor-widget-text-editor\" data-id=\"222b458\" data-element_type=\"widget\" data-widget_type=\"text-editor.default\">\n\t\t\t\t<div class=\"elementor-widget-container\">\n\t\t\t\t\t\t\t<p>\u00a7 1 . Validity of the terms and conditions<br \/>(1) These general terms and conditions apply to contracts for the rental of holiday apartments for accommodation as well as all other services and deliveries provided by the provider for the guest. The services of the provider are based exclusively on these general terms and conditions.<\/p><p>(2) The subletting or re-letting of the rented holiday home as well as its use for purposes other than residential are not permitted.<\/p><p>(3) Terms and conditions of the guest only apply if they have been agreed in advance. The only difference from these conditions is the rental price.<br \/>The current rental price with tourist tax for de Haan and final cleaning can be found in the<br \/>Booking calendar. If you want to rent less than 1 week, the<br \/>Costs billed for one week.<\/p><p>\u00a7 2 booking \/ booking confirmation<br \/>You can send the binding booking request via<br \/>Put the booking calendar on villa-vosje.de. This also confirms our terms and conditions. she<br \/>receive a written confirmation of the booking when the rental agreement is concluded.<br \/>The rental agreement is concluded with the booking confirmation.<\/p><p>\u00a7 3 Terms of Payment<br \/>The deposit of 25% of the rental amount is due immediately after booking confirmation. 30 days<br \/>Payment of the balance is due before the start of the journey. If the time between booking and<br \/>At the beginning of the rental period, the entire amount is due immediately. Payment can be made via Paypal or bank transfer<br \/>respectively. Failure to make the final payment on the contractually agreed date is considered a cancellation of your<br \/>Ticketing.<\/p><p>\u00a7 3.1 Withdrawal \/ cancellation<br \/>In the event of cancellation, you are obliged to compensate for the damage incurred. It arise<br \/>no costs for you if we can rent the house again without loss. The booking calendar<br \/>will be activated immediately after cancellation.<br \/>If we cannot achieve re-letting, the following rule applies:<br \/>up to 30 days before the start of the rental period: retention of the deposit.<br \/>From the 29th day before the start of the journey, 80% of the total price is payable.<\/p><p>\u00a7 4 Arrival \/ departure and handover of the house<br \/>On the day of arrival (Saturday) the house is available from 3 p.m. The storage location of the<br \/>You will be given the key. Other arrival times must be agreed in advance.<br \/>The departure must take place on Saturday by 10 a.m. The modalities of handing over the keys<br \/>will be communicated to you.<br \/>\u2022 The apartment must be left swept clean. Dishes must be washed and put away.<br \/>\u2022 The refrigerator must be empty<br \/>\u2022 Pillow and duvet covers as well as fitted sheets must be removed,<br \/>\u2022 The gas grill must be clean<\/p><p>\u00a7 5 Holiday home and inventory<br \/>The holiday home and its inventory should be available to you in perfect condition. You&#8217;re welcome<br \/>However, please check everything against the checklist so that we can repair damage quickly<br \/>can and you will not be held responsible for any damage caused by a pre-rented person<br \/>become.<br \/>Should there be any defects or should occur during the rental period, the lessor is free<br \/>to inform immediately. The tenant is liable for any damage caused to the<br \/>Rental property, inventory and equipment, broken dishes, damage to the floor or the<br \/>Furniture. This also includes the cost of lost keys.<br \/>Changes to the facility, in the setting of electronic devices, heating<br \/>etc. are only allowed after consultation. In the event of a malfunction, please contact us.<\/p><p>The inventory is to be treated with care and care and only to remain in the<br \/>Holiday apartments provided. Adjusting furnishings, in particular<br \/>Beds are prohibited. The tenant is also liable for the negligence of his fellow travelers.<\/p><p>\u00a7 6 Pets<br \/>Pets are only allowed with the prior consent of the<br \/>Landlord allowed. For the accommodation of animals, depending on the size of the animal, a<br \/>reasonable surcharge due. Become animals without the prior consent of the provider<br \/>accommodated, this will be charged with an additional fee of between \u20ac 30-80 per day<br \/>posed.<\/p><p>\u00a7 7 Withdrawal \/ termination and liability by the landlord<br \/>In the event of cancellation on our part, as a result of force majeure or other unforeseeable circumstances (such as significant damage to the house that make it impossible to use), liability is limited to the reimbursement of the costs. A right to reimbursement of secondary costs e.g. For<br \/>Arrival does not exist. A termination by the landlord can take place after the start of the rental without observing a deadline if the tenant violates the house rules despite a warning or acts contrary to the contract to such an extent that the immediate cancellation of the rental contract is justified.<br \/>The landlord is liable to a reasonable extent in accordance with his responsibility for failures in guaranteed, relevant properties of the house.<\/p><p>\u00a7 8 Access Authorization<br \/>We reserve the right to use the house in emergencies and urgent cases<br \/>Reasons (e.g. important repairs) to enter without your presence and consent.<\/p><p>\u00a7 9 Use of Internet access and media offer<br \/>The use of the Internet is set up for our guests via WiFi. Login and password will be<br \/>Communicated to you. The use of the WiFi is for private purposes, at your own risk and own<br \/>Liability for abuse and illegal activities. Netflix is firm for Villa-Vosje<br \/>set. In the event of unauthorized changes to the access data, we will be responsible for the<br \/>Charge a flat rate of 100 \u20ac for restoration.<\/p><p>\u00a7 10 House rules, general rights and obligations<br \/>Please make sure that the volume is not annoying to neighbors, especially in the outside areas. This applies all the more to the time of night&#8217;s sleep from 10 p.m. to 7 a.m.<br \/>Please treat the house, its furnishings and equipment with respect. she<br \/>are responsible for any damage you cause<br \/>Festivities (e.g. parties) with invited guests (non-tenants) are not permitted.<br \/>Always lock doors and windows when leaving the house.<br \/>Pets are only allowed after a separate agreement (see terms and conditions)<br \/>Please use the outside areas if you want to smoke. Smoking is in the house<br \/>not allowed.<br \/>The use of the devices is only permitted after knowing the instructions for use (how do I operate what?).<br \/>Changes to the house, inventory and devices are not permitted. Arbitrary<br \/>Changes can result in significant recovery costs.<\/p><p>\u00a7 11 written form<br \/>There are no agreements other than those listed in this contract.<br \/>Oral agreements were not made. The terms and conditions are<br \/>accepted with transfer of the deposit.<\/p><p>\u00a7 12 Severability Clause<br \/>Should one or more provisions of these terms and conditions be ineffective<br \/>the validity of the remaining provisions is not affected. The<br \/>Ineffective provision is to be replaced by an effective one, the one with the ineffective one<br \/>Determination pursued economic purpose comes closest.<\/p><p>\u00a7 13 place of jurisdiction<br \/>The district court is responsible for any disputes arising from the contractual relationship<br \/>D\u00fcsseldorf is responsible.<\/p>\t\t\t\t\t\t<\/div>\n\t\t\t\t<\/div>\n\t\t\t\t\t<\/div>\n\t\t<\/div>\n\t\t\t\t\t<\/div>\n\t\t<\/section>\n\t\t\t\t<\/div>\n\t\t","protected":false},"excerpt":{"rendered":"<p>Our terms &#038; conditions Villa VosjeVosseslagDe Haan, Belgien Contact:E-Mail: info@villa-vosje.deWebsite: www.villa-vosje.de Terms and conditions for renting the Villa Vosje &#8211; De Haan \u00a7 1 . Validity of the terms and conditions(1) These general terms and conditions apply to contracts for the rental of holiday apartments for accommodation as well as all other services and deliveries&hellip;&nbsp;<a href=\"https:\/\/villa-vosje.eu\/en\/terms-and-conditions\/\" rel=\"bookmark\">Weiterlesen &raquo;<span class=\"screen-reader-text\">T&#038;Cs<\/span><\/a><\/p>\n","protected":false},"author":1,"featured_media":0,"parent":0,"menu_order":0,"comment_status":"closed","ping_status":"closed","template":"","meta":{"neve_meta_sidebar":"full-width","neve_meta_container":"","neve_meta_enable_content_width":"on","neve_meta_content_width":100,"neve_meta_title_alignment":"","neve_meta_author_avatar":"","neve_post_elements_order":"","neve_meta_disable_header":"","neve_meta_disable_footer":"","neve_meta_disable_title":"on"},"yoast_head":"<!-- This site is optimized with the Yoast SEO plugin v21.8.1 - https:\/\/yoast.com\/wordpress\/plugins\/seo\/ -->\n<title>Die Villa Vosje, De Haan - Das sind unsere AGB<\/title>\n<meta name=\"description\" content=\"Urlaub an der belgischen Nordseek\u00fcste! Die Villa Vosje bietet Luxus und Komfort f\u00fcr einen entspannten und sch\u00f6nen Urlaub. Zu den AGB:\" \/>\n<meta name=\"robots\" content=\"index, follow, max-snippet:-1, max-image-preview:large, max-video-preview:-1\" \/>\n<link rel=\"canonical\" href=\"https:\/\/villa-vosje.eu\/en\/terms-and-conditions\/\" \/>\n<meta property=\"og:locale\" content=\"de_DE\" \/>\n<meta property=\"og:type\" content=\"article\" \/>\n<meta property=\"og:title\" content=\"Die Villa Vosje, De Haan - Das sind unsere AGB\" \/>\n<meta property=\"og:description\" content=\"Urlaub an der belgischen Nordseek\u00fcste! Die Villa Vosje bietet Luxus und Komfort f\u00fcr einen entspannten und sch\u00f6nen Urlaub. Zu den AGB:\" \/>\n<meta property=\"og:url\" content=\"https:\/\/villa-vosje.eu\/en\/terms-and-conditions\/\" \/>\n<meta property=\"og:site_name\" content=\"Villa Vosje.uk\" \/>\n<meta property=\"article:modified_time\" content=\"2021-03-10T15:24:16+00:00\" \/>\n<meta property=\"og:image\" content=\"http:\/\/villa-vosje.eu\/en\/wp-content\/uploads\/sites\/3\/elementor\/thumbs\/duene_1-p3q54w3f9osv9tg0rly7zjedzx4gy40fieebp2qjxs.jpg\" \/>\n<meta name=\"twitter:card\" content=\"summary_large_image\" \/>\n<meta name=\"twitter:label1\" content=\"Gesch\u00e4tzte Lesezeit\" \/>\n\t<meta name=\"twitter:data1\" content=\"5\u00a0Minuten\" \/>\n<script type=\"application\/ld+json\" class=\"yoast-schema-graph\">{\"@context\":\"https:\/\/schema.org\",\"@graph\":[{\"@type\":\"WebPage\",\"@id\":\"https:\/\/villa-vosje.eu\/en\/terms-and-conditions\/\",\"url\":\"https:\/\/villa-vosje.eu\/en\/terms-and-conditions\/\",\"name\":\"Die Villa Vosje, De Haan - Das sind unsere AGB\",\"isPartOf\":{\"@id\":\"https:\/\/villa-vosje.eu\/en\/#website\"},\"datePublished\":\"2020-06-04T12:51:39+00:00\",\"dateModified\":\"2021-03-10T15:24:16+00:00\",\"description\":\"Urlaub an der belgischen Nordseek\u00fcste! Die Villa Vosje bietet Luxus und Komfort f\u00fcr einen entspannten und sch\u00f6nen Urlaub. Zu den AGB:\",\"breadcrumb\":{\"@id\":\"https:\/\/villa-vosje.eu\/en\/terms-and-conditions\/#breadcrumb\"},\"inLanguage\":\"de\",\"potentialAction\":[{\"@type\":\"ReadAction\",\"target\":[\"https:\/\/villa-vosje.eu\/en\/terms-and-conditions\/\"]}]},{\"@type\":\"BreadcrumbList\",\"@id\":\"https:\/\/villa-vosje.eu\/en\/terms-and-conditions\/#breadcrumb\",\"itemListElement\":[{\"@type\":\"ListItem\",\"position\":1,\"name\":\"Startseite\",\"item\":\"https:\/\/villa-vosje.eu\/en\/\"},{\"@type\":\"ListItem\",\"position\":2,\"name\":\"T&#038;Cs\"}]},{\"@type\":\"WebSite\",\"@id\":\"https:\/\/villa-vosje.eu\/en\/#website\",\"url\":\"https:\/\/villa-vosje.eu\/en\/\",\"name\":\"Villa Vosje.uk\",\"description\":\"Holidays on the Belgian North Sea Coast\",\"publisher\":{\"@id\":\"https:\/\/villa-vosje.eu\/en\/#organization\"},\"potentialAction\":[{\"@type\":\"SearchAction\",\"target\":{\"@type\":\"EntryPoint\",\"urlTemplate\":\"https:\/\/villa-vosje.eu\/en\/?s={search_term_string}\"},\"query-input\":\"required name=search_term_string\"}],\"inLanguage\":\"de\"},{\"@type\":\"Organization\",\"@id\":\"https:\/\/villa-vosje.eu\/en\/#organization\",\"name\":\"Villa Vosje.uk\",\"url\":\"https:\/\/villa-vosje.eu\/en\/\",\"logo\":{\"@type\":\"ImageObject\",\"inLanguage\":\"de\",\"@id\":\"https:\/\/villa-vosje.eu\/en\/#\/schema\/logo\/image\/\",\"url\":\"https:\/\/i0.wp.com\/villa-vosje.eu\/en\/wp-content\/uploads\/sites\/3\/2020\/06\/vosicon.png?fit=512%2C512&ssl=1\",\"contentUrl\":\"https:\/\/i0.wp.com\/villa-vosje.eu\/en\/wp-content\/uploads\/sites\/3\/2020\/06\/vosicon.png?fit=512%2C512&ssl=1\",\"width\":512,\"height\":512,\"caption\":\"Villa Vosje.uk\"},\"image\":{\"@id\":\"https:\/\/villa-vosje.eu\/en\/#\/schema\/logo\/image\/\"}}]}<\/script>\n<!-- \/ Yoast SEO plugin. -->","yoast_head_json":{"title":"Die Villa Vosje, De Haan - Das sind unsere AGB","description":"Urlaub an der belgischen Nordseek\u00fcste! Die Villa Vosje bietet Luxus und Komfort f\u00fcr einen entspannten und sch\u00f6nen Urlaub. Zu den AGB:","robots":{"index":"index","follow":"follow","max-snippet":"max-snippet:-1","max-image-preview":"max-image-preview:large","max-video-preview":"max-video-preview:-1"},"canonical":"https:\/\/villa-vosje.eu\/en\/terms-and-conditions\/","og_locale":"de_DE","og_type":"article","og_title":"Die Villa Vosje, De Haan - Das sind unsere AGB","og_description":"Urlaub an der belgischen Nordseek\u00fcste! Die Villa Vosje bietet Luxus und Komfort f\u00fcr einen entspannten und sch\u00f6nen Urlaub. Zu den AGB:","og_url":"https:\/\/villa-vosje.eu\/en\/terms-and-conditions\/","og_site_name":"Villa Vosje.uk","article_modified_time":"2021-03-10T15:24:16+00:00","og_image":[{"url":"http:\/\/villa-vosje.eu\/en\/wp-content\/uploads\/sites\/3\/elementor\/thumbs\/duene_1-p3q54w3f9osv9tg0rly7zjedzx4gy40fieebp2qjxs.jpg"}],"twitter_card":"summary_large_image","twitter_misc":{"Gesch\u00e4tzte Lesezeit":"5\u00a0Minuten"},"schema":{"@context":"https:\/\/schema.org","@graph":[{"@type":"WebPage","@id":"https:\/\/villa-vosje.eu\/en\/terms-and-conditions\/","url":"https:\/\/villa-vosje.eu\/en\/terms-and-conditions\/","name":"Die Villa Vosje, De Haan - Das sind unsere AGB","isPartOf":{"@id":"https:\/\/villa-vosje.eu\/en\/#website"},"datePublished":"2020-06-04T12:51:39+00:00","dateModified":"2021-03-10T15:24:16+00:00","description":"Urlaub an der belgischen Nordseek\u00fcste! Die Villa Vosje bietet Luxus und Komfort f\u00fcr einen entspannten und sch\u00f6nen Urlaub. Zu den AGB:","breadcrumb":{"@id":"https:\/\/villa-vosje.eu\/en\/terms-and-conditions\/#breadcrumb"},"inLanguage":"de","potentialAction":[{"@type":"ReadAction","target":["https:\/\/villa-vosje.eu\/en\/terms-and-conditions\/"]}]},{"@type":"BreadcrumbList","@id":"https:\/\/villa-vosje.eu\/en\/terms-and-conditions\/#breadcrumb","itemListElement":[{"@type":"ListItem","position":1,"name":"Startseite","item":"https:\/\/villa-vosje.eu\/en\/"},{"@type":"ListItem","position":2,"name":"T&#038;Cs"}]},{"@type":"WebSite","@id":"https:\/\/villa-vosje.eu\/en\/#website","url":"https:\/\/villa-vosje.eu\/en\/","name":"Villa Vosje.uk","description":"Holidays on the Belgian North Sea Coast","publisher":{"@id":"https:\/\/villa-vosje.eu\/en\/#organization"},"potentialAction":[{"@type":"SearchAction","target":{"@type":"EntryPoint","urlTemplate":"https:\/\/villa-vosje.eu\/en\/?s={search_term_string}"},"query-input":"required name=search_term_string"}],"inLanguage":"de"},{"@type":"Organization","@id":"https:\/\/villa-vosje.eu\/en\/#organization","name":"Villa Vosje.uk","url":"https:\/\/villa-vosje.eu\/en\/","logo":{"@type":"ImageObject","inLanguage":"de","@id":"https:\/\/villa-vosje.eu\/en\/#\/schema\/logo\/image\/","url":"https:\/\/i0.wp.com\/villa-vosje.eu\/en\/wp-content\/uploads\/sites\/3\/2020\/06\/vosicon.png?fit=512%2C512&ssl=1","contentUrl":"https:\/\/i0.wp.com\/villa-vosje.eu\/en\/wp-content\/uploads\/sites\/3\/2020\/06\/vosicon.png?fit=512%2C512&ssl=1","width":512,"height":512,"caption":"Villa Vosje.uk"},"image":{"@id":"https:\/\/villa-vosje.eu\/en\/#\/schema\/logo\/image\/"}}]}},"_links":{"self":[{"href":"https:\/\/villa-vosje.eu\/en\/wp-json\/wp\/v2\/pages\/727"}],"collection":[{"href":"https:\/\/villa-vosje.eu\/en\/wp-json\/wp\/v2\/pages"}],"about":[{"href":"https:\/\/villa-vosje.eu\/en\/wp-json\/wp\/v2\/types\/page"}],"author":[{"embeddable":true,"href":"https:\/\/villa-vosje.eu\/en\/wp-json\/wp\/v2\/users\/1"}],"replies":[{"embeddable":true,"href":"https:\/\/villa-vosje.eu\/en\/wp-json\/wp\/v2\/comments?post=727"}],"version-history":[{"count":4,"href":"https:\/\/villa-vosje.eu\/en\/wp-json\/wp\/v2\/pages\/727\/revisions"}],"predecessor-version":[{"id":2055,"href":"https:\/\/villa-vosje.eu\/en\/wp-json\/wp\/v2\/pages\/727\/revisions\/2055"}],"wp:attachment":[{"href":"https:\/\/villa-vosje.eu\/en\/wp-json\/wp\/v2\/media?parent=727"}],"curies":[{"name":"wp","href":"https:\/\/api.w.org\/{rel}","templated":true}]}}